{"id":855,"date":"2022-07-22T12:15:59","date_gmt":"2022-07-22T19:15:59","guid":{"rendered":"https:\/\/molinos.net\/?page_id=855"},"modified":"2023-04-30T17:13:40","modified_gmt":"2023-05-01T00:13:40","slug":"de-las-ruinas-romanas-a-l-mas-de-liborio-masia-molinos","status":"publish","type":"page","link":"https:\/\/molinos.net\/?page_id=855","title":{"rendered":"Del Mas de Liborio a las  ruinas romanas."},"content":{"rendered":"\n<p><\/p>\n\n\n\n<figure class=\"wp-block-image size-full\"><img loading=\"lazy\" decoding=\"async\" width=\"975\" height=\"696\" src=\"https:\/\/molinos.net\/wordpress\/wp-content\/uploads\/2023\/04\/image.png\" alt=\"\" class=\"wp-image-1182\" srcset=\"https:\/\/molinos.net\/wordpress\/wp-content\/uploads\/2023\/04\/image.png 975w, https:\/\/molinos.net\/wordpress\/wp-content\/uploads\/2023\/04\/image-300x214.png 300w, https:\/\/molinos.net\/wordpress\/wp-content\/uploads\/2023\/04\/image-768x548.png 768w\" sizes=\"auto, (max-width: 975px) 100vw, 975px\" \/><figcaption>Mas de Liborio (Tomada de &#8220;Els Masos de Forcall&#8221;, Ayuntamiento de Forcall,2010)<\/figcaption><\/figure>\n\n\n\n<h2 class=\"wp-block-heading\"><strong>El Mas de Liborio.<\/strong><\/h2>\n\n\n\n<p>En un fr\u00edo d\u00eda de Mayo de 2007, cerca de cincuenta familiares celebramos en Forcall <strong><a href=\"https:\/\/molinos.net\/__trashed-5\/chileno-errante-encuentra-su-familia-espanola\/\">el re-encuentro<\/a> <\/strong>entre nuestras familias de Espa\u00f1a y de Chile. Despu\u00e9s del lindo almuerzo vistamos la mas\u00eda o finca ancestral de 113 ha donde Liborio Molinos Escruela (Escorihuela),<strong> <\/strong>hab\u00eda nacido en 1791. En el hogar de la ya abandonada mas\u00eda, iluminada con un bombillo colgante, logr\u00e9 finalmente entender la emigraci\u00f3n de su nieto, Antonio Molinos Giner a Madrid, y luego a Chile.<\/p>\n\n\n\n<p>Con mi compa\u00f1era de vida, subimos a pie desde la casa ancestral a la meseta de la vieja ciudad romana. Las enormes piedras planas del camino, mostraban las huellas, grabadas durante siglos, de los carros\u00a0 romanos. Los \u00e1rboles pujaban por salir entre las piedras de los muros de acceso a la vieja ciudad romana.<\/p>\n\n\n\n<figure class=\"wp-block-image size-large\"><img loading=\"lazy\" decoding=\"async\" width=\"1024\" height=\"768\" src=\"https:\/\/molinos.net\/wordpress\/wp-content\/uploads\/2023\/04\/SubidaaMoleta2007P5050106-1024x768.jpg\" alt=\"\" class=\"wp-image-1342\" srcset=\"https:\/\/molinos.net\/wordpress\/wp-content\/uploads\/2023\/04\/SubidaaMoleta2007P5050106-1024x768.jpg 1024w, https:\/\/molinos.net\/wordpress\/wp-content\/uploads\/2023\/04\/SubidaaMoleta2007P5050106-300x225.jpg 300w, https:\/\/molinos.net\/wordpress\/wp-content\/uploads\/2023\/04\/SubidaaMoleta2007P5050106-768x576.jpg 768w, https:\/\/molinos.net\/wordpress\/wp-content\/uploads\/2023\/04\/SubidaaMoleta2007P5050106-1536x1152.jpg 1536w, https:\/\/molinos.net\/wordpress\/wp-content\/uploads\/2023\/04\/SubidaaMoleta2007P5050106-1200x900.jpg 1200w, https:\/\/molinos.net\/wordpress\/wp-content\/uploads\/2023\/04\/SubidaaMoleta2007P5050106-1980x1485.jpg 1980w, https:\/\/molinos.net\/wordpress\/wp-content\/uploads\/2023\/04\/SubidaaMoleta2007P5050106.jpg 2048w\" sizes=\"auto, (max-width: 1024px) 100vw, 1024px\" \/><figcaption>Subida de carros romanos a Ciudad de Lesera, Forcall, Espa\u00f1a,VMU, 2007<\/figcaption><\/figure>\n\n\n\n<p>Arriba, en la solitaria meseta, un nido de polluelos de perdices y restos de tejas romanas excavadas, eran testigos silenciosos de mis alborotados sentimientos.<\/p>\n\n\n\n<p>Mis reci\u00e9n descubiertos parientes espa\u00f1oles me hab\u00edan preparado bien para mi primer viaje a Forcall. El \u00faltimo propietario del Mas, <strong><a href=\"https:\/\/molinos.net\/familytree\/tree\/moluga\/individual\/I161\/Consuelo-Molinos-Martin\">Consuelo Molinos Mart\u00edn (1917-2009)<\/a><\/strong>,  y su sobrina Marisa OP, me hab\u00edan enviado copias de docenas de cartas familiares por mi abuelo en Chile y su padre en Forcall.<\/p>\n\n\n\n<p> <strong><a href=\"https:\/\/molinos.net\/familytree\/tree\/moluga\/individual\/I180\/Angelines-Gil-Molinos\">Angelines Gil Molinos<\/a><\/strong> me hab\u00eda obsequiado el magn\u00edfico libro que citamos m\u00e1s abajo. En sus cartas mi abuelo, desde Chile, a\u00f1oraba la cacer\u00eda de perdices y las famosas paellas cocinadas por su padre en Forcall. \u2026..Este nieto, hab\u00eda heredado ambas aficiones!.<\/p>\n\n\n\n<p><\/p>\n\n\n\n<h2 class=\"wp-block-heading\"><strong>La Villa de Forcall<\/strong><\/h2>\n\n\n\n<figure class=\"wp-block-image size-full\"><img loading=\"lazy\" decoding=\"async\" width=\"876\" height=\"635\" src=\"https:\/\/molinos.net\/wordpress\/wp-content\/uploads\/2022\/07\/Forcall1.jpg\" alt=\"\" class=\"wp-image-571\" srcset=\"https:\/\/molinos.net\/wordpress\/wp-content\/uploads\/2022\/07\/Forcall1.jpg 876w, https:\/\/molinos.net\/wordpress\/wp-content\/uploads\/2022\/07\/Forcall1-300x217.jpg 300w, https:\/\/molinos.net\/wordpress\/wp-content\/uploads\/2022\/07\/Forcall1-768x557.jpg 768w\" sizes=\"auto, (max-width: 876px) 100vw, 876px\" \/><figcaption>Forcall, ca 2012 Foto por R. Perdiguer.<\/figcaption><\/figure>\n\n\n\n<p>Con mucha gratitud citamos nuestra fuente principal. Es el libro por Jos\u00e9 Eixarch Frasno,<strong> <\/strong>&nbsp;<strong>\u00a8 <\/strong>Forcall y pueblos de la comarca \u00a8dels Ports\u00a8. Trabajos Hist\u00f3ricos 1966-1993&#8243;, Ayuntamiento de Forcall, 1994, 562 pags.  (<em>extractos copiados, en<\/em> <em>cursivas)<\/em>. <\/p>\n\n\n\n<p>En 1246 nace Forcall como una de las diez aldeas dependientes de Morella. Despu\u00e9s de siglos de esfuerzos por ganar su independencia, los alcaldes de Forcall y las aldeas vecinas logran, en 1691, que el Rey Carlos II las designe como Villas Reales Independientes. A mediados del siglo XVI Forcall contaba con 146 familias de las cuales 33 viv\u00edan en sus alrededores.<\/p>\n\n\n\n<p>Desde muy atr\u00e1s los vecinos de Forcall fueron cultivando su capacidad para emprender tareas de bien com\u00fan. Por ejemplo, hasta el siglo XVI las mas\u00edas y huertas de Forcall produjeron cantidades importantes de azafr\u00e1n y sosten\u00edan reuniones anuales de compradores y vendedores para fijar precios a las distintas calidades.&nbsp; En 1397 un comprador italiano de Florencia lo buscaba y elogiaba su calidad sin igual.<\/p>\n\n\n\n<p>Desde el siglo XVI y hasta comienzos del XX, Forcall se convirti\u00f3 en un principal productor de alpargatas usando el c\u00e1\u00f1amo (esparto) de la regi\u00f3n. La villa desarroll\u00f3 un sistema colaborativo donde cada artesano y sus&nbsp; aprendices familiares se especializaban en cierta fase de la producci\u00f3n y donde participaba la mayor\u00eda de las familias de la villa.<\/p>\n\n\n\n<p><\/p>\n\n\n\n<figure class=\"wp-block-image size-full\"><img loading=\"lazy\" decoding=\"async\" width=\"747\" height=\"663\" src=\"https:\/\/molinos.net\/wordpress\/wp-content\/uploads\/2023\/04\/image-2.png\" alt=\"\" class=\"wp-image-1199\" srcset=\"https:\/\/molinos.net\/wordpress\/wp-content\/uploads\/2023\/04\/image-2.png 747w, https:\/\/molinos.net\/wordpress\/wp-content\/uploads\/2023\/04\/image-2-300x266.png 300w\" sizes=\"auto, (max-width: 747px) 100vw, 747px\" \/><figcaption>Artesanos de alpargatas en Calle de la Iglesia, Forcall. (Foto tomada de: J. Eixarch Frasno, 1994,  Ayuntamiento de Forcall)<\/figcaption><\/figure>\n\n\n\n<h2 class=\"wp-block-heading\">Forcallanos con impacto global.<\/h2>\n\n\n\n<p>Pese a su modesto tama\u00f1o, Forcall ha sido cuna de emprendedores ambiciosos y ciudadanos con impacto global. En 1609 &nbsp;Blay Berga fund\u00f3 el Convento de Dominicos en Forcall, dise\u00f1ado para alojar un colegio seminario de  Gram\u00e1tica, Filosof\u00eda y Teolog\u00eda. <\/p>\n\n\n\n<p>En 1611 el Padre Baltasar Fort, llega a ser Vicario Provincial de la Orden de los Dominicos en Jap\u00f3n y en Filipinas y funda la Universidad de Santo Tom\u00e1s de Manila .<\/p>\n\n\n\n<p><\/p>\n\n\n\n<div class=\"wp-block-columns is-layout-flex wp-container-core-columns-is-layout-9d6595d7 wp-block-columns-is-layout-flex\">\n<div class=\"wp-block-column is-layout-flow wp-block-column-is-layout-flow\">\n<figure class=\"wp-block-image size-full is-resized\"><img loading=\"lazy\" decoding=\"async\" src=\"https:\/\/molinos.net\/wordpress\/wp-content\/uploads\/2023\/04\/image-1.png\" alt=\"\" class=\"wp-image-1198\" width=\"285\" height=\"207\" srcset=\"https:\/\/molinos.net\/wordpress\/wp-content\/uploads\/2023\/04\/image-1.png 796w, https:\/\/molinos.net\/wordpress\/wp-content\/uploads\/2023\/04\/image-1-300x219.png 300w, https:\/\/molinos.net\/wordpress\/wp-content\/uploads\/2023\/04\/image-1-768x560.png 768w\" sizes=\"auto, (max-width: 285px) 100vw, 285px\" \/><figcaption>Convento Dominicos, Forcall <br>(Foto tomada de Eixarch Frasno, 1994, <br>Ayuntamiento de Forcall)<\/figcaption><\/figure>\n<\/div>\n\n\n\n<div class=\"wp-block-column is-layout-flow wp-block-column-is-layout-flow\">\n<figure class=\"wp-block-image size-full is-resized\"><img loading=\"lazy\" decoding=\"async\" src=\"https:\/\/molinos.net\/wordpress\/wp-content\/uploads\/2023\/04\/image-7.png\" alt=\"\" class=\"wp-image-1310\" width=\"382\" height=\"163\" srcset=\"https:\/\/molinos.net\/wordpress\/wp-content\/uploads\/2023\/04\/image-7.png 930w, https:\/\/molinos.net\/wordpress\/wp-content\/uploads\/2023\/04\/image-7-300x128.png 300w, https:\/\/molinos.net\/wordpress\/wp-content\/uploads\/2023\/04\/image-7-768x329.png 768w\" sizes=\"auto, (max-width: 382px) 100vw, 382px\" \/><figcaption>Universidad Santo Tom\u00e1s, Manila, 1932 <br>(Tomada de War Dept., US Natl. Archives, John Tewell)<\/figcaption><\/figure>\n<\/div>\n<\/div>\n\n\n\n<p>En 1943, en una familia de peque\u00f1os comerciantes, nace en Forcall el Padre Javier Ob\u00f3n Molinos. En 1993, siguiendo su vocaci\u00f3n de sacerdote misionero,  viaja a  Ayacucho, Per\u00fa. Hasta su muerte en 2016  sirvi\u00f3 a los menos favorecidos en sesenta comunidades rurales vecinas a su parroquia de Santa Rosa de Ayacucho que hab\u00edan sido devastadas por el terrorismo rural. <\/p>\n\n\n\n<p>Promueve la creaci\u00f3n de dos comedores para 600 ni\u00f1os y funda dos escuelas de capacitaci\u00f3n vocacional para adultos.  Un resumen sobre su vida y obra puede verse <a href=\"https:\/\/molinos.net\/wordpress\/wp-content\/uploads\/2023\/04\/Fallece-en-Peru-el-misionero-de-Tortosa-Javier-Obon.pdf\"><strong>aqu\u00ed<\/strong>.<\/a> <\/p>\n\n\n\n<h4 class=\"wp-block-heading\"><strong>M\u00e1s sobre Forcall y su gente.<\/strong><\/h4>\n\n\n\n<p>Para una bibliograf\u00eda completa sobre los personajes e historia de Forcall, visitar el sitio web de la <strong><a href=\"https:\/\/coloniaforcallanocatalana.org\/bibliografia-es\/?lang=es\">Colonia Forcallano-Catalana.<\/a><\/strong><\/p>\n\n\n\n<p>Un bello e informativo recuento pict\u00f3rico de las Mas\u00edas de Forcall fue publicado por el Ayuntamiento del Forcall y puede verse <strong><a href=\"https:\/\/molinos.net\/wordpress\/wp-content\/uploads\/2023\/04\/ELS-MASOS-DE-FORCALL-Ayuntamiento-de-Forcallmaso2010.pdf\">aqu\u00ed<\/a><\/strong><em><a href=\"https:\/\/molinos.net\/wordpress\/wp-content\/uploads\/2023\/04\/ELS-MASOS-DE-FORCALL-Ayuntamiento-de-Forcallmaso2010.pdf\">.<\/a> <\/em> <\/p>\n\n\n\n<h2 class=\"wp-block-heading\"><strong>Nuestros Molinos en Forcall.<\/strong><\/h2>\n\n\n\n<p>En 1637 el Convento de los Dominicos compr\u00f3, por 2,053 libras, el \u00a8Mas d\u2019en Johan Ma\u00e7aner\u00a8 que en las afueras de Forcall arrendaba de los descendientes de Johan Ma\u00e7aner (padre e hijo ex alcaldes de Forcall). <\/p>\n\n\n\n<p>Dicha propiedad pas\u00f3 a ser conocida como Mas dels Frares (Mas de los frailes). <em>\u00a8En 1697 el convento la da en enfiteusis perpetua al matrimonio de labradores Juan Escruela (\u00f3 Escorihuela) y Josefa Sabater. Disfrutaba el dominio \u00fatil de la mas\u00eda de los Frailes, Liborio Escruela, casado con Francisca Traver, vecinos de Villarluengo. A su muerte fue asignado, con igualdad de derechos, en 1788, a sus tres hijos: Lorenzo, Mar\u00eda Escruela Traver (1770-), casada con Vicente Molinos Moliner (1760-1840)<strong>\u00a0 <\/strong>y<strong> <\/strong>Carmela Escruela Traver casada con<strong> <\/strong>Francisco Sorolla, de Tronch\u00f3n\u00a8.<\/em> (Las fechas son nuestras).<\/p>\n\n\n\n<p>Carmela renuncia a su herencia y la propiedad original es dividida en dos. Lorenzo queda con la mitad que incluye las casas (Mas de Llorens) y d\u00e1 una indemizaci\u00f3n de 200 libras para que Mar\u00eda construya su vivienda en la parte que incluye la Moleta dels Frares. Quedan como condominio, el camino hacia el barranco del rio Cantavieja que las separa y la fuente de agua que este incluye.<\/p>\n\n\n\n<p><strong><a href=\"https:\/\/molinos.net\/familytree\/tree\/moluga\/individual\/I141\/Liborio-Molinos-Escorihuela#\">Liborio Molinos Escruela \u00f3 Escorihuela (1791-1877)<\/a><\/strong> casado con <strong><a href=\"https:\/\/molinos.net\/familytree\/tree\/moluga\/individual\/I142\/Felipa-Prats-Borras\">Felipa Prats Borr\u00e1s (1803-1883)<\/a><\/strong> opera un hostal en la propiedad, la que ser\u00e1 conocida hasta hoy como el Mas de Liborio. En 1876, su hijo, <a href=\"https:\/\/molinos.net\/familytree\/tree\/moluga\/individual\/I138\/Vicente-Molinos-Prats\"><strong>Vicente Molinos Prats (1820-1901<\/strong>)<\/a> enlista la ayuda del m\u00e9dico oculista y arque\u00f3logo aficionado, Don Nicol\u00e1s Ferrer i Julve, Decano en la Universidad de Valencia, quien hace p\u00fablicos los artefactos romanos encontrados durante las actividades de labranza en la moleta.<\/p>\n\n\n\n<p>Agradeceremos informaci\u00f3n sobre <strong><a href=\"https:\/\/molinos.net\/familytree\/tree\/moluga\/individual\/I534\/Jose-Molinos-Prats\">Jos\u00e9 Molinos Prats<\/a><\/strong>,  Juan Escruela (\u00f3 Escorihuela), Josefa Sabater, <strong><a href=\"https:\/\/molinos.net\/familytree\/tree\/moluga\/individual\/I139\/Maria-Escruela-Traver\">Mar\u00eda Escruela Traver<\/a><\/strong> (\u00f3 Traber), <a href=\"https:\/\/molinos.net\/familytree\/tree\/moluga\/individual\/I144\/Vicente-Molinos-Moliner\"> <strong>Vicente Molinos Moliner<\/strong> <\/a>(1760-1840). Cabe hacer notar que entre los ocupantes del <a href=\"https:\/\/molinos.net\/wordpress\/wp-content\/uploads\/2023\/04\/ELS-MASOS-DE-FORCALL-Ayuntamiento-de-Forcallmaso2010.pdf\">Mas Xorrador<\/a> el Archivo Municipal de Forcall lista como arrendador en 1721 a un Juan Molinos con descendientes de apellidos Sabater y Traber.<\/p>\n\n\n\n<figure class=\"wp-block-image size-full\"><img loading=\"lazy\" decoding=\"async\" width=\"761\" height=\"573\" src=\"https:\/\/molinos.net\/wordpress\/wp-content\/uploads\/2022\/07\/Mas-de-los-Frailes.jpg\" alt=\"\" class=\"wp-image-574\" srcset=\"https:\/\/molinos.net\/wordpress\/wp-content\/uploads\/2022\/07\/Mas-de-los-Frailes.jpg 761w, https:\/\/molinos.net\/wordpress\/wp-content\/uploads\/2022\/07\/Mas-de-los-Frailes-300x226.jpg 300w\" sizes=\"auto, (max-width: 761px) 100vw, 761px\" \/><figcaption>Mas de Liborio adelante, Mas de Llorens atr\u00e1s, Mayo, 2007.<\/figcaption><\/figure>\n\n\n\n<h2 class=\"wp-block-heading\"><strong>Lesera, la ciudad romana en Forcall.<\/strong><\/h2>\n\n\n\n<p>Lesera es la \u00faltima de nueve ciudades romanas establecidas en la regi\u00f3n valenciana. Est\u00e1 situada cerca de los r\u00edos Cantavieja, Bergantes y Cald\u00e9s, sobre una meseta rocosa de unas 8 ha. Su ubicaci\u00f3n estrat\u00e9gica ofrece buenas defensas naturales y control de la ruta terrestre de comercio\u00a0 entre la costa, las planicies de Castell\u00f3n y los centros poblados del interior de la pen\u00ednsula. \u00a0Los abundantes bosques de entonces, materiales p\u00e9treos para la construcci\u00f3n y el agua, atrayeron all\u00ed asentamientos humanos desde la Edad de Bronce.<\/p>\n\n\n\n<p>Una espectacular vista a\u00e9rea reciente de la ciudad romana de Lesera puede verse <strong><a rel=\"noreferrer noopener\" href=\"https:\/\/www.castellonarqueologico.es\/en\/yacimientos\/els-ports\/la-moleta-dels-frares\/\" target=\"_blank\">aqu\u00ed<\/a><\/strong>. La casa de la finca ancestral,  Mas de Liborio, puede verse al lado derecho de la moleta, al costado de un camino que corre pegado a su base y paralelo a su eje longitudinal.<\/p>\n\n\n\n<p>Entre los restos visibles destacan la puerta de entrada al recinto y tres pa\u00f1os de muralla en el lado este, diversos muros de construcciones en la zona norte y numerosos espacios que corresponden a habitaciones y cisternas.<\/p>\n\n\n\n<h4 class=\"wp-block-heading\"><strong>Para Visitar Lesera<\/strong><\/h4>\n\n\n\n<p>Con motivo de dar a conocer el pasado romano de Forcall, desde el a\u00f1o 2008 el Ayuntamiento de Forcall &nbsp;suele realizar a mediados de junio la Feria Iberoromana para difundir e informar sobre el yacimiento romano de Lesera. El recinto de la ciudad romana de Lesera est\u00e1 vallado: para visitarlo es necesario una llave que se puede encontrar en el <strong><a href=\"https:\/\/www.forcall.es\/\" data-type=\"URL\" data-id=\"https:\/\/www.forcall.es\/\">Ayuntamiento de Forcall<\/a><\/strong> y en la Oficina de Turismo.<\/p>\n\n\n\n<h4 class=\"wp-block-heading\"><strong>Lecturas Adicionales<\/strong> <\/h4>\n\n\n\n<p>Un buen resumen de las excavaciones realizadas en Lesera es la presentaci\u00f3n realizada por su arque\u00f3logo principal, Ferran Arasa,  a las Jornadas del 3-4 Diciembre de 2013 del  Museo Arqueol\u00f3gico de Alicante sobre Ciudades Romanas Valencianas  titulada:<\/p>\n\n\n\n<p>Arasa, F., 2013, Lesera: Balance de las excavaciones realizadas 2001_2009. Su texto est\u00e1<a href=\"https:\/\/molinos.net\/wordpress\/wp-content\/uploads\/2023\/04\/Arasa-F._Lesera.-Balance-de-las-excavaciones-realizadas-2001_2009.pdf\"> <\/a><strong><a rel=\"noreferrer noopener\" href=\"https:\/\/molinos.net\/wordpress\/wp-content\/uploads\/2023\/04\/Arasa-F._Lesera.-Balance-de-las-excavaciones-realizadas-2001_2009.pdf\" target=\"_blank\">aqu\u00ed<\/a><\/strong><a href=\"https:\/\/molinos.net\/wordpress\/wp-content\/uploads\/2023\/04\/Arasa-F._Lesera.-Balance-de-las-excavaciones-realizadas-2001_2009.pdf\">.<\/a><\/p>\n\n\n\n<p>Una extraordinaria y muy bella colecci\u00f3n de estudios multidisciplinarios sobre la regi\u00f3n valenciana en la \u00e9poca romana, muy bien presentados y con contenidos indexados (Indice en pp 16\/17), es: <strong>Romanos y Visigodos en Tierras Valencianas; Bonet, Helena et al., coords, Valencia, 2002<\/strong> est\u00e1 <strong><a href=\"https:\/\/molinos.net\/wordpress\/wp-content\/uploads\/2023\/04\/Romanos_y_visigodos_en_tierras_valencianas.pdf\">aqu\u00ed.<\/a><\/strong><\/p>\n\n\n\n<h2 class=\"wp-block-heading\"><strong>El pasado, una ventana al futuro?<\/strong><\/h2>\n\n\n\n<p>El liderazgo hist\u00f3rico de Forcall, la pujanza de su gente y los talentos, contactos y compromiso de su di\u00e1spora (e.g. Colonia Forcallano-Catalana, y otros descendientes), son recursos importantes. Ellos abren buenas posibilidades para promover circuitos de turismo de historia y naturaleza, en conjunto con otras atracciones de la regi\u00f3n. <\/p>\n\n\n\n<p> VMU, Abril 30,  2023.<\/p>\n","protected":false},"excerpt":{"rendered":"<p>El Mas de Liborio. En un fr\u00edo d\u00eda de Mayo de 2007, cerca de cincuenta familiares celebramos en Forcall el re-encuentro entre nuestras familias de Espa\u00f1a y de Chile. Despu\u00e9s del lindo almuerzo vistamos la mas\u00eda o finca ancestral de 113 ha donde Liborio Molinos Escruela (Escorihuela), hab\u00eda nacido en 1791. En el hogar de [&hellip;]<\/p>\n","protected":false},"author":4,"featured_media":0,"parent":102,"menu_order":0,"comment_status":"closed","ping_status":"closed","template":"templates\/template-full-width.php","meta":{"footnotes":""},"class_list":["post-855","page","type-page","status-publish","hentry"],"_links":{"self":[{"href":"https:\/\/molinos.net\/index.php?rest_route=\/wp\/v2\/pages\/855","targetHints":{"allow":["GET"]}}],"collection":[{"href":"https:\/\/molinos.net\/index.php?rest_route=\/wp\/v2\/pages"}],"about":[{"href":"https:\/\/molinos.net\/index.php?rest_route=\/wp\/v2\/types\/page"}],"author":[{"embeddable":true,"href":"https:\/\/molinos.net\/index.php?rest_route=\/wp\/v2\/users\/4"}],"replies":[{"embeddable":true,"href":"https:\/\/molinos.net\/index.php?rest_route=%2Fwp%2Fv2%2Fcomments&post=855"}],"version-history":[{"count":58,"href":"https:\/\/molinos.net\/index.php?rest_route=\/wp\/v2\/pages\/855\/revisions"}],"predecessor-version":[{"id":1347,"href":"https:\/\/molinos.net\/index.php?rest_route=\/wp\/v2\/pages\/855\/revisions\/1347"}],"up":[{"embeddable":true,"href":"https:\/\/molinos.net\/index.php?rest_route=\/wp\/v2\/pages\/102"}],"wp:attachment":[{"href":"https:\/\/molinos.net\/index.php?rest_route=%2Fwp%2Fv2%2Fmedia&parent=855"}],"curies":[{"name":"wp","href":"https:\/\/api.w.org\/{rel}","templated":true}]}}