{"id":709,"date":"2023-04-03T11:46:41","date_gmt":"2023-04-03T18:46:41","guid":{"rendered":"https:\/\/molinos.net\/?page_id=709"},"modified":"2023-04-03T11:46:41","modified_gmt":"2023-04-03T18:46:41","slug":"reglas-de-uso-del-sitio","status":"publish","type":"page","link":"https:\/\/molinos.net\/?page_id=709","title":{"rendered":"Reglas de uso del sitio"},"content":{"rendered":"\n<p class=\"has-primary-color has-text-color has-background\" style=\"background-color:#9f9caf\">Condiciones de acceso: al entrar al sitio usted acepta las Reglas de Uso del Sitio:<\/p>\n\n\n\n<ol class=\"has-primary-color has-text-color has-background wp-block-list\" style=\"background:linear-gradient(203deg,rgb(122,220,180) 0%,rgb(0,208,130) 100%)\"><li>La informaci\u00f3n y funcionalidad que aqu\u00ed encuentre no ser\u00e1n utilizadas para usos de tipo publicitario, comercial, pol\u00edtico o religioso ni en actividad alguna contra las leyes ni las buenas costumbres.<\/li><li>El aporte de cualquier informaci\u00f3n sobre personas vivas aportadas al sitio \u00f3 a sitios relacionados debe tener la expresa autorizaci\u00f3n de dichas personas. No se publicar\u00e1 en este sitio, informaci\u00f3n, datos, fotos que permitan identificar a personas menores de 21 a\u00f1os.<\/li><li>El contenido de este sitio, su mantenci\u00f3n y los aportes al mismo son realizados por voluntarios sin otro prop\u00f3sito que el de avanzar el conocimiento hist\u00f3rico sobre nuestras familias. La informaci\u00f3n se estima confiable sin embargo ni los participantes ni los patrocinantes del sitio son responsables de errores \u00f3 perjuicios derivados del uso directo \u00f3 indirecto de la informaci\u00f3n aqu\u00ed contenida \u00f3 de la operaci\u00f3n del sitio.<\/li><\/ol>\n","protected":false},"excerpt":{"rendered":"<p>Condiciones de acceso: al entrar al sitio usted acepta las Reglas de Uso del Sitio: La informaci\u00f3n y funcionalidad que aqu\u00ed encuentre no ser\u00e1n utilizadas para usos de tipo publicitario, comercial, pol\u00edtico o religioso ni en actividad alguna contra las leyes ni las buenas costumbres. El aporte de cualquier informaci\u00f3n sobre personas vivas aportadas al [&hellip;]<\/p>\n","protected":false},"author":3,"featured_media":0,"parent":0,"menu_order":0,"comment_status":"closed","ping_status":"closed","template":"","meta":{"footnotes":""},"class_list":["post-709","page","type-page","status-publish","hentry"],"_links":{"self":[{"href":"https:\/\/molinos.net\/index.php?rest_route=\/wp\/v2\/pages\/709","targetHints":{"allow":["GET"]}}],"collection":[{"href":"https:\/\/molinos.net\/index.php?rest_route=\/wp\/v2\/pages"}],"about":[{"href":"https:\/\/molinos.net\/index.php?rest_route=\/wp\/v2\/types\/page"}],"author":[{"embeddable":true,"href":"https:\/\/molinos.net\/index.php?rest_route=\/wp\/v2\/users\/3"}],"replies":[{"embeddable":true,"href":"https:\/\/molinos.net\/index.php?rest_route=%2Fwp%2Fv2%2Fcomments&post=709"}],"version-history":[{"count":2,"href":"https:\/\/molinos.net\/index.php?rest_route=\/wp\/v2\/pages\/709\/revisions"}],"predecessor-version":[{"id":711,"href":"https:\/\/molinos.net\/index.php?rest_route=\/wp\/v2\/pages\/709\/revisions\/711"}],"wp:attachment":[{"href":"https:\/\/molinos.net\/index.php?rest_route=%2Fwp%2Fv2%2Fmedia&parent=709"}],"curies":[{"name":"wp","href":"https:\/\/api.w.org\/{rel}","templated":true}]}}