{"id":698,"date":"2022-08-03T22:28:48","date_gmt":"2022-08-04T05:28:48","guid":{"rendered":"https:\/\/molinos.net\/?page_id=698"},"modified":"2026-03-02T03:14:31","modified_gmt":"2026-03-02T11:14:31","slug":"la-masia-del-mas-de-blasco","status":"publish","type":"page","link":"https:\/\/molinos.net\/?page_id=698","title":{"rendered":"La Mas\u00eda del &#8220;Mas de Blasco&#8221;"},"content":{"rendered":"\n<p class=\"has-primary-color has-text-color has-background has-larger-font-size\" style=\"background-color:#b58181\"><strong>El Mas de Blasco.<\/strong><\/p>\n\n\n\n<p class=\"has-primary-color has-text-color has-background has-large-font-size\" style=\"background-color:#86ff94\">En un alto, al otro lado del r\u00edo en que est\u00e1 emplazado<a rel=\"noreferrer noopener\" href=\"https:\/\/molinos.net\/la-masia-de-el-huergo\/\" target=\"_blank\"> El Huergo<\/a>, se encuentra el Mas de Blasco. Hoy, una nave de construcci\u00f3n reciente para almacenar el grano es el \u00fanico edificio que est\u00e1 en pie. El resto se encuentra en ruinas. La tierra de labor es un extenso terreno de siembra plano, con algunos olivos en el lindero y rodeado de pinos. Son unas 100 Has de las que 40 se dedican a cereal y el resto es pinar. El relieve se alza ligeramente al noreste de la Mas\u00eda.<\/p>\n\n\n<div class=\"wp-block-image\">\n<figure class=\"aligncenter size-full\"><img loading=\"lazy\" decoding=\"async\" width=\"960\" height=\"720\" src=\"https:\/\/molinos.net\/wordpress\/wp-content\/uploads\/2022\/08\/Diapositiva3.jpg\" alt=\"\" class=\"wp-image-989\" srcset=\"https:\/\/molinos.net\/wordpress\/wp-content\/uploads\/2022\/08\/Diapositiva3.jpg 960w, https:\/\/molinos.net\/wordpress\/wp-content\/uploads\/2022\/08\/Diapositiva3-300x225.jpg 300w, https:\/\/molinos.net\/wordpress\/wp-content\/uploads\/2022\/08\/Diapositiva3-768x576.jpg 768w\" sizes=\"auto, (max-width: 960px) 100vw, 960px\" \/><figcaption class=\"wp-element-caption\">En la foto: Vista del enclave del Mas de Blasco con sus tierras en el a\u00f1o 2007<\/figcaption><\/figure>\n<\/div>\n\n\n<p class=\"has-primary-color has-text-color has-background has-large-font-size\" style=\"background-color:#86ff94\">Hay unas diez o doce edificaciones de adobe de dos o tres plantas, en medio de la tierra de labor. De ellas, tres se dedicaron a vivienda. Destaca la ermita de la Virgen de los Dolores, de planta cuadrada y de paredes de barro, que tenia su portada formada por un arco de piedra, hoy desaparecido.<\/p>\n\n\n\n<figure class=\"wp-block-image size-large\"><img loading=\"lazy\" decoding=\"async\" width=\"1024\" height=\"683\" src=\"https:\/\/molinos.net\/wordpress\/wp-content\/uploads\/2022\/07\/MBMA8002-1024x683.jpg\" alt=\"\" class=\"wp-image-701\" srcset=\"https:\/\/molinos.net\/wordpress\/wp-content\/uploads\/2022\/07\/MBMA8002-1024x683.jpg 1024w, https:\/\/molinos.net\/wordpress\/wp-content\/uploads\/2022\/07\/MBMA8002-300x200.jpg 300w, https:\/\/molinos.net\/wordpress\/wp-content\/uploads\/2022\/07\/MBMA8002-768x512.jpg 768w, https:\/\/molinos.net\/wordpress\/wp-content\/uploads\/2022\/07\/MBMA8002.jpg 1178w\" sizes=\"auto, (max-width: 1024px) 100vw, 1024px\" \/><figcaption class=\"wp-element-caption\">Ermita de la Virgen de los Dolores del Mas de Blasco hacia 1980.<\/figcaption><\/figure>\n\n\n\n<p class=\"has-primary-color has-text-color has-background has-large-font-size\" style=\"background-color:#86ff94\">El Mas de Blasco estuvo ligado al apellido Blasco, siendo el \u00faltimo heredero de esta familia, que residi\u00f3 en el Mas, Manuel Blasco Gasi\u00f3n, hijo de <a href=\"https:\/\/ellosynos.com\/familytree\/tree\/moluga\/individual\/I275\/Manuel-Blasco-Molinos\" target=\"_blank\" rel=\"noreferrer noopener\">Manuel Blasco Molinos<\/a>. Vendieron la mas\u00eda para comprar una magn\u00edfica finca de naranjos en Vinaroz, \u201cEl Corral\u00e9\u201d. El padre, Manuel Blasco Molinos, era hermano de <a href=\"https:\/\/ellosynos.com\/familytree\/tree\/moluga\/individual\/I273\/Maria-Rosa-Blasco-Molinos\" target=\"_blank\" rel=\"noreferrer noopener\">Maria Rosa<\/a>, que cas\u00f3 con el \u201chereu\u201d <a href=\"https:\/\/molinos.net\/la-masia-de-el-huergo\/\" target=\"_blank\" rel=\"noreferrer noopener\">del G\u00fcergo<\/a>, <a href=\"https:\/\/ellosynos.com\/familytree\/tree\/moluga\/individual\/I274\/Manuel-Martin-Giner\" target=\"_blank\" rel=\"noreferrer noopener\">Manuel Mart\u00edn Giner<\/a>. El padre de ambos, tambi\u00e9n Manuel, cas\u00f3 con <a href=\"https:\/\/ellosynos.com\/familytree\/tree\/moluga\/individual\/I152\/Pascuala-Molinos-Prats\" target=\"_blank\" rel=\"noreferrer noopener\">Pascuala Molinos Prats<\/a>, que era del Mas de los Frailes del Forcall y no la dejaban casar fuera de su tierra, porque era muy guapa. Un hermano suyo, <a href=\"https:\/\/ellosynos.com\/familytree\/tree\/moluga\/individual\/I138\/Vicente-Molinos-Prats\" target=\"_blank\" rel=\"noreferrer noopener\">Vicente Molinos Prats<\/a> (1829-1901), que fue quien descubri\u00f3, labrando, el riqu\u00edsimo yacimiento arqueol\u00f3gico del Forcall, la \u201cMoleta dels Frares\u201d en la mas\u00eda familiar, cas\u00f3 con <a href=\"https:\/\/ellosynos.com\/familytree\/tree\/moluga\/individual\/I140\/Miguela-Giner-Asensio\" target=\"_blank\" rel=\"noreferrer noopener\">Miguela Giner Asensio<\/a>, hermana de B\u00e1rbara Giner del G\u00fcergo.<\/p>\n\n\n\n<p class=\"has-primary-color has-text-color has-background has-large-font-size\" style=\"background-color:#86ff94\">El comprador de la mas\u00eda proven\u00eda de Morella, pero no tard\u00f3 en venderla de nuevo. El actual propietario de la tierra es un agricultor de Mas de las Matas, donde reside y desde donde la trabaja.<\/p>\n\n\n\n<div class=\"wp-block-columns is-layout-flex wp-container-core-columns-is-layout-9d6595d7 wp-block-columns-is-layout-flex\">\n<div class=\"wp-block-column is-layout-flow wp-block-column-is-layout-flow\">\n<figure class=\"wp-block-image size-full\"><img loading=\"lazy\" decoding=\"async\" width=\"960\" height=\"720\" src=\"https:\/\/molinos.net\/wordpress\/wp-content\/uploads\/2022\/08\/Diapositiva5.jpg\" alt=\"\" class=\"wp-image-988\" srcset=\"https:\/\/molinos.net\/wordpress\/wp-content\/uploads\/2022\/08\/Diapositiva5.jpg 960w, https:\/\/molinos.net\/wordpress\/wp-content\/uploads\/2022\/08\/Diapositiva5-300x225.jpg 300w, https:\/\/molinos.net\/wordpress\/wp-content\/uploads\/2022\/08\/Diapositiva5-768x576.jpg 768w\" sizes=\"auto, (max-width: 960px) 100vw, 960px\" \/><\/figure>\n<\/div>\n\n\n\n<div class=\"wp-block-column is-layout-flow wp-block-column-is-layout-flow\">\n<figure class=\"wp-block-image size-full\"><img loading=\"lazy\" decoding=\"async\" width=\"960\" height=\"720\" src=\"https:\/\/molinos.net\/wordpress\/wp-content\/uploads\/2022\/08\/Diapositiva4.jpg\" alt=\"\" class=\"wp-image-990\" srcset=\"https:\/\/molinos.net\/wordpress\/wp-content\/uploads\/2022\/08\/Diapositiva4.jpg 960w, https:\/\/molinos.net\/wordpress\/wp-content\/uploads\/2022\/08\/Diapositiva4-300x225.jpg 300w, https:\/\/molinos.net\/wordpress\/wp-content\/uploads\/2022\/08\/Diapositiva4-768x576.jpg 768w\" sizes=\"auto, (max-width: 960px) 100vw, 960px\" \/><figcaption class=\"wp-element-caption\">Edificios del Mas de Blasco hacia 1970<\/figcaption><\/figure>\n<\/div>\n<\/div>\n\n\n\n<p class=\"has-primary-color has-text-color has-background has-large-font-size\" style=\"background-color:#86ff94\">Del a\u00f1o 1713, data una escritura de venta de un campo blanco, sito en la partida del Mas de Blasco, otorgada por Pedro Giner, tejedor, y \u00c1ngela Abello, c\u00f3nyuges, vecinos de Castellote, a favor de Agust\u00edn Giner, del G\u00fcergo, por la cantidad de 600 sueldos jaqueses.<\/p>\n\n\n\n<p class=\"has-primary-color has-text-color has-background has-large-font-size\" style=\"background-color:#86ff94\">La buena relaci\u00f3n de vecindad entre los Blasco del Mas de Blasco y los Giner del Huergo se pone de manifiesto en varios documentos del siglo XVIII. As\u00ed, en una escritura de 1771 sobre riego para sus huertas, que eran lim\u00edtrofes, se establecen unas reglas para el buen uso del agua que en ocasiones escaseaba.<\/p>\n\n\n\n<p class=\"has-primary-color has-text-color has-background has-normal-font-size\" style=\"background-color:#86ff94\"><em>\u201cde una parte, Ger\u00f3nimo Blasco y Joseph Giner de Joseph, y de la otra, Agust\u00edn Blasco y Miguel Blasco, mancebo, hijo de la viuda de Joseph Blasco, todos labradores y vecinos de la presente villa, y residentes en las masadas del puente arriba, los quales Dixeron que, en atenci\u00f3n a que a costas y expensas de dichos quatro otorgantes han construido una acequia nueba para el riego de varios fundos suyos, situados en el t\u00e9rmino de la presente villa, al Varranco de Rivarroyas llamado de las Ollas, y a fin de evitar questiones y disensiones en adelante en el uso de sus riegos, se han conbenido amigablemente en que desde el dia de oy en adelante, de los siete dias que componen la semana, han de regar y usar de dicha azequia Primeramente el d\u00eda primero Domingo contando desde las doce de la noche de el savado hasta las doce de la noche de el dicho domingo, ha de ser el riego de Miguel Blasco, su madre y havientes derecho, y los dos dias inmediatos que son lunes y martes, &#8230;&#8230;\u201d<\/em><\/p>\n\n\n\n<p class=\"has-primary-color has-text-color has-background has-large-font-size\" style=\"background-color:#86ff94\">Por los testamentos, se comprueba la confianza en los vecinos del Huergo, que tambi\u00e9n en ocasiones tenian relaciones de parentesco. En 1839, en el de Jos\u00e9 Blasco, labrador, y Teresa Carb\u00f3, conyuges, dejaban a su nieto Manuel Blasco, en cuya compa\u00f1\u00eda viv\u00edan, como heredero universal. Nombraban como ejecutores testamentarios a sus convecinos Juan Giner de Manuel y Juan Giner de Francisco, labradores. Eran testigos Mosen Manuel Rebullida, cura p\u00e1rroco en Las Planas y Mosen Juan Antonio Giner, presb\u00edtero,beneficiado de la misma<a href=\"#uno\"><sup> 1<\/sup>.<\/a><\/p>\n\n\n\n<p class=\"has-background has-normal-font-size\" style=\"background-color:#86ff94\"><em>\u201cFinalmente: nombramos en executores de este nuestro \u00faltimo testamento, y en exoneradores de nuestras Almas y conciencias a Juan Giner de Manuel y a Juan Giner de Francisco, labradores, nuestros convecinos, a los cuales juntos y de por s\u00ed, les damos todo nuestro poder que seg\u00fan fuero, derecho, o en otra manera, mas podemos atribuirles, concederles y darles.\u201d<\/em><\/p>\n\n\n\n<p class=\"has-primary-color has-text-color has-background has-large-font-size\" style=\"background-color:#86ff94\">Los bienes que formaban el patrimonio de la familia Blasco del Mas de su nombre, los detallan algunos testamentos, como el de M\u00aa Antonia Ejarque en 1883, o los posteriores de Manuel Blasco y Pascuala Molinos. En la mas\u00eda ten\u00edan una casa de 3 pisos y 160 metros cuadrados valorada en 600 pesetas, un pajar de un piso valorado en 40 pts y una era tambi\u00e9n valorada en 40 pts. El corral de ganado estaba en el barranco de la morera y su valoraci\u00f3n era de 20 pts. Los muebles de la casa, las ropas y los enseres (1.000 pts), las caballer\u00edas y el ganado lanar y cabr\u00edo (6.000 pts) y los frutos y aperos de labranza (2.000 pts), daban idea de la pujanza de los Blasco. Las fincas y otras propiedades, abarcaban un amplio territorio. Heredades en el Huergo, en Perojil, en el Mas de Terreros, en la Molilla, las Cuevas de Ca\u00f1art, en Castellote el Sabinar y el Mas de Anento, parte del molino del Huergo valorada en 100 pts y una casa en Las Planas, fincas en Santolea, Luco, en el Mas de Lej, etc. El valor total que se establec\u00eda testamentariamente era de casi 25000 pts.<\/p>\n\n\n\n<p class=\"has-background has-large-font-size\" style=\"background-color:#86ff94\">A mediados de 1800, adem\u00e1s del \u201chereu\u201d y su familia, entre los vecinos que habitaban la masada las escrituras mencionan a Jos\u00e9 Membrado, casado con una de las hijas de los Blasco.<\/p>\n\n\n\n<p class=\"has-background has-large-font-size\" style=\"background-color:#86ff94\">La escuela estaba en Las Planas y alli aprend\u00edan a leer y escribir. En el siglo pasado, los hijos varones que heredaban la propiedad aprend\u00edan las letras y hac\u00edan unos estudios primarios que luego les permit\u00edan llevar una contabilidad de la entidad familiar. Esto se comprueba en los documentos, en los que se puede ver, por ejemplo, que <a href=\"https:\/\/ellosynos.com\/familytree\/tree\/moluga\/individual\/I263\/Blas-Martin-Espallargas\" target=\"_blank\" rel=\"noreferrer noopener\">Blas Mart\u00edn Espallargas<\/a>, del Huergo, firmaba en el testamento de Miguel Guill\u00e9n y Ejarque por el testador y por uno de los testigos, Andr\u00e9s Membrado y Blasco. La mayor\u00eda de las mujeres, c\u00f3mo Pascuala Molinos que baj\u00f3 de un Mas del Forcall, tampoco sab\u00edan firmar. Ya en el siglo XX, cambiar\u00edan las cosas y el inter\u00e9s por la educaci\u00f3n se extend\u00eda a todos los masoveros, incluidas las mujeres.<\/p>\n\n\n\n<p class=\"has-background has-large-font-size\" style=\"background-color:#86ff94\">La apacible y esforzada vida de los habitantes del Mas de Blasco, basada en el trabajo agr\u00edcola y el cuidado de los animales, tan s\u00f3lo se vio turbada por las guerras civiles que llegaron hasta el \u00faltimo rinc\u00f3n de la geograf\u00eda. En la \u00faltima guerra, los \u201crojos\u201d destrozaron el interior de la Ermita de la Virgen y amedrantaron a los moradores tan s\u00f3lo por sus creencias. Adem\u00e1s, en los a\u00f1os de posguerra, hubo un tr\u00e1gico episodio protagonizado por los \u201cmaquis\u201d, que se relatar\u00e1 mas adelante. Aparte de otras razones ya citadas, tambi\u00e9n estos sucesos coadyuvaron a tomar la decisi\u00f3n de abandonar la mas\u00eda a la que la familia Blasco hab\u00eda estado ligada varios siglos.<\/p>\n\n\n\n<p class=\"has-background-color has-text-color\" id=\"uno\"> <\/p>\n\n\n\n<p class=\"has-background has-normal-font-size\" style=\"background-color:#c0c0c0\"><em><sup>1 <\/sup>Algunas escrituras y documentos antiguos sobre el Mas de Blasco, obran en poder de la familia Blasco, de Vinaroz.<\/em><\/p>\n\n\n\n<a a=\"\" href=\"javascript:history.back()\"><img loading=\"lazy\" decoding=\"async\" src=\"https:\/\/molinos.net\/wordpress\/wp-content\/uploads\/2022\/07\/boton.jpg\" height=\"8\" width=\"40\" alt=\"VOLVER\" <=\"\" a=\"\"><\/a>\n","protected":false},"excerpt":{"rendered":"<p>El Mas de Blasco. En un alto, al otro lado del r\u00edo en que est\u00e1 emplazado El Huergo, se encuentra el Mas de Blasco. Hoy, una nave de construcci\u00f3n reciente para almacenar el grano es el \u00fanico edificio que est\u00e1 en pie. El resto se encuentra en ruinas. La tierra de labor es un extenso [&hellip;]<\/p>\n","protected":false},"author":3,"featured_media":0,"parent":0,"menu_order":0,"comment_status":"closed","ping_status":"closed","template":"templates\/template-full-width.php","meta":{"footnotes":""},"class_list":["post-698","page","type-page","status-publish","hentry"],"_links":{"self":[{"href":"https:\/\/molinos.net\/index.php?rest_route=\/wp\/v2\/pages\/698","targetHints":{"allow":["GET"]}}],"collection":[{"href":"https:\/\/molinos.net\/index.php?rest_route=\/wp\/v2\/pages"}],"about":[{"href":"https:\/\/molinos.net\/index.php?rest_route=\/wp\/v2\/types\/page"}],"author":[{"embeddable":true,"href":"https:\/\/molinos.net\/index.php?rest_route=\/wp\/v2\/users\/3"}],"replies":[{"embeddable":true,"href":"https:\/\/molinos.net\/index.php?rest_route=%2Fwp%2Fv2%2Fcomments&post=698"}],"version-history":[{"count":15,"href":"https:\/\/molinos.net\/index.php?rest_route=\/wp\/v2\/pages\/698\/revisions"}],"predecessor-version":[{"id":1485,"href":"https:\/\/molinos.net\/index.php?rest_route=\/wp\/v2\/pages\/698\/revisions\/1485"}],"wp:attachment":[{"href":"https:\/\/molinos.net\/index.php?rest_route=%2Fwp%2Fv2%2Fmedia&parent=698"}],"curies":[{"name":"wp","href":"https:\/\/api.w.org\/{rel}","templated":true}]}}