{"id":669,"date":"2022-07-18T00:10:53","date_gmt":"2022-07-18T07:10:53","guid":{"rendered":"https:\/\/molinos.net\/?page_id=669"},"modified":"2023-04-12T02:35:12","modified_gmt":"2023-04-12T09:35:12","slug":"chileno-errante-encuentra-su-familia-espanola","status":"publish","type":"page","link":"https:\/\/molinos.net\/?page_id=669","title":{"rendered":"Chileno Errante Encuentra su Familia Espa\u00f1ola"},"content":{"rendered":"\n<p>Esta semana m\u00e1gica empez\u00f3 a gestarse el 5 de Mayo de 2006 cuando Vicente M.U. abri\u00f3 un email con un remitente de siglas muy raras. Cuando el dedo iba a la tecla de \u00a8Botar\u00a8, una fuerza interior lo detuvo. <em>\u00a8No, mejor lo miras\u2026 puede ser importante\u00a8<\/em>. Pues bien,\u2026 el resto es historia. Esta historia.<\/p>\n\n\n\n<p>El email era de Charo,  quien respond\u00eda, desde Valencia, Espa\u00f1a, a un email que Vicente hab\u00eda enviado varios meses antes al autor de un sitio web sobre<a href=\"https:\/\/molinos.net\/wordpress\/wp-content\/uploads\/2022\/07\/Forcall3.jpg\"> <strong>Forcall<\/strong><\/a>, un peque\u00f1o pueblito del Maestrazgo, regi\u00f3n muy monta\u00f1osa y agreste a unas tres horas en auto al <strong><a href=\"https:\/\/molinos.net\/wordpress\/wp-content\/uploads\/2022\/07\/Ubicacion-de-Morella-Forcall-Molinos-respecto-a-Valencia.-Guia-Michelin.png\">Noroeste de Valencia<\/a><\/strong>.&nbsp; Y porqu\u00e9  Forcall se preguntar\u00e1n?<\/p>\n\n\n\n<p>Vicente, llevaba varios a\u00f1os buscando la familia de su abuelo paterno Antonio Molinos Giner, inmigrante espa\u00f1ol a Chile en el siglo 19. Hab\u00eda enviado decenas de cartas a\u00e9reas a abonados telef\u00f3nicos de apellido Molinos de Valencia y hab\u00eda creado un <a href=\"https:\/\/molinos.net\/old\/\" target=\"_blank\" rel=\"noreferrer noopener\"><strong>sitio web<\/strong> <\/a>para identificar posibles pistas globalmente.<\/p>\n\n\n\n<p>Despu\u00e9s de haber realizado cientos de b\u00fasquedas por Internet, disponiendo apenas de Valencia como origen y de los apellidos Molinos y Giner como confirmados y Prats como posible, en 2006, Google, le mostr\u00f3 el sitio siguiente:<\/p>\n\n\n\n<figure class=\"wp-block-image size-large\"><img loading=\"lazy\" decoding=\"async\" width=\"791\" height=\"1024\" src=\"https:\/\/molinos.net\/wordpress\/wp-content\/uploads\/2022\/07\/LA-MOLETA-DELS-FRARES_Page_1-791x1024.jpg\" alt=\"Website story of Roman ruins discovery by Vicente Molinos Prats, page 1 \" class=\"wp-image-681\" srcset=\"https:\/\/molinos.net\/wordpress\/wp-content\/uploads\/2022\/07\/LA-MOLETA-DELS-FRARES_Page_1-791x1024.jpg 791w, https:\/\/molinos.net\/wordpress\/wp-content\/uploads\/2022\/07\/LA-MOLETA-DELS-FRARES_Page_1-232x300.jpg 232w, https:\/\/molinos.net\/wordpress\/wp-content\/uploads\/2022\/07\/LA-MOLETA-DELS-FRARES_Page_1-768x994.jpg 768w, https:\/\/molinos.net\/wordpress\/wp-content\/uploads\/2022\/07\/LA-MOLETA-DELS-FRARES_Page_1-1187x1536.jpg 1187w, https:\/\/molinos.net\/wordpress\/wp-content\/uploads\/2022\/07\/LA-MOLETA-DELS-FRARES_Page_1-1583x2048.jpg 1583w, https:\/\/molinos.net\/wordpress\/wp-content\/uploads\/2022\/07\/LA-MOLETA-DELS-FRARES_Page_1-1200x1553.jpg 1200w, https:\/\/molinos.net\/wordpress\/wp-content\/uploads\/2022\/07\/LA-MOLETA-DELS-FRARES_Page_1.jpg 1700w\" sizes=\"auto, (max-width: 791px) 100vw, 791px\" \/><\/figure>\n\n\n\n<figure class=\"wp-block-image size-large\"><img loading=\"lazy\" decoding=\"async\" width=\"1024\" height=\"945\" src=\"https:\/\/molinos.net\/wordpress\/wp-content\/uploads\/2022\/07\/LA-MOLETA-DELS-FRARES_Page_2cropped-1024x945.jpg\" alt=\"Website story of Roman ruins discovery by Vicente Molinos Prats, page 2 \" class=\"wp-image-685\" srcset=\"https:\/\/molinos.net\/wordpress\/wp-content\/uploads\/2022\/07\/LA-MOLETA-DELS-FRARES_Page_2cropped-1024x945.jpg 1024w, https:\/\/molinos.net\/wordpress\/wp-content\/uploads\/2022\/07\/LA-MOLETA-DELS-FRARES_Page_2cropped-300x277.jpg 300w, https:\/\/molinos.net\/wordpress\/wp-content\/uploads\/2022\/07\/LA-MOLETA-DELS-FRARES_Page_2cropped-768x709.jpg 768w, https:\/\/molinos.net\/wordpress\/wp-content\/uploads\/2022\/07\/LA-MOLETA-DELS-FRARES_Page_2cropped-1200x1108.jpg 1200w, https:\/\/molinos.net\/wordpress\/wp-content\/uploads\/2022\/07\/LA-MOLETA-DELS-FRARES_Page_2cropped.jpg 1534w\" sizes=\"auto, (max-width: 1024px) 100vw, 1024px\" \/><\/figure>\n\n\n\n<p><\/p>\n\n\n\n<p>Muy esperanzado, Vicente escribi\u00f3 una carta al se\u00f1or Enrique P.M., gentil autor del sitio web copiado m\u00e1s arriba. Pasaron meses sin respuesta, hasta que Charo y su madre, Angelines G.M. (est. 1930-2019), residente de Zaragoza y visitando parientes en Forcall, fueron notificadas de que en el Ayuntamiento de Forcall hab\u00eda una carta para la familia Molinos.<\/p>\n\n\n\n<p>Siguen varios meses de emotivos emails y llamadas por tel\u00e9fono de Vicente con Charo, su madre Angelines y con Ricardo M.M., de Barcelona. Ricardo es co-fundador de este sitio web y es bisnieto de Pascuala Molinos Prats, hermana de Vicente Molinos Prats.<\/p>\n\n\n\n<p>Qued\u00f3 muy claro que deb\u00edamos conocer esta parte de nuestra familia\u2026pronto. Fijamos fecha para el a\u00f1o siguiente en Mayo y con Charo y Ricardo empezamos a so\u00f1ar y planear visitas y una reuni\u00f3n familiar.<\/p>\n\n\n\n<p>Ricardo y Charo movilizaron a varios parientes de las ramas Molinos, Giner, Mart\u00edn y Blasco, entre otras. La mayor\u00eda de los descendientes espa\u00f1oles de los Molinos de Forcall no tienen primer apellido Molinos pues provienen de Pascuala Molinos Prats y de las hijas de Liborio Molinos Giner. Las excepciones eran Rosita Molinos Mart\u00edn y Consuelo Molinos Mart\u00edn.<\/p>\n\n\n\n<p><strong>En Espa\u00f1a!<\/strong><\/p>\n\n\n\n<p>El d\u00eda Viernes 4 de Mayo de 2007 tomamos el tren de Madrid a Zaragoza donde nos esperaban mi prima Angelines G.M. y su hija Charo, mi primer contacto familiar en Espa\u00f1a. Fu\u00e9 un encuentro muy emotivo.<\/p>\n\n\n\n<p><\/p>\n\n\n\n<figure class=\"wp-block-image size-large\"><img loading=\"lazy\" decoding=\"async\" width=\"763\" height=\"1024\" src=\"https:\/\/molinos.net\/wordpress\/wp-content\/uploads\/2022\/07\/Primer-Encuentro-Zaragoza-2007.-Angelines-Gil-Molinos-Charo-reciben-a-Kathy-y-Vicente.-e1657614414558-763x1024.png\" alt=\"\" class=\"wp-image-676\" srcset=\"https:\/\/molinos.net\/wordpress\/wp-content\/uploads\/2022\/07\/Primer-Encuentro-Zaragoza-2007.-Angelines-Gil-Molinos-Charo-reciben-a-Kathy-y-Vicente.-e1657614414558-763x1024.png 763w, https:\/\/molinos.net\/wordpress\/wp-content\/uploads\/2022\/07\/Primer-Encuentro-Zaragoza-2007.-Angelines-Gil-Molinos-Charo-reciben-a-Kathy-y-Vicente.-e1657614414558-223x300.png 223w, https:\/\/molinos.net\/wordpress\/wp-content\/uploads\/2022\/07\/Primer-Encuentro-Zaragoza-2007.-Angelines-Gil-Molinos-Charo-reciben-a-Kathy-y-Vicente.-e1657614414558-768x1031.png 768w, https:\/\/molinos.net\/wordpress\/wp-content\/uploads\/2022\/07\/Primer-Encuentro-Zaragoza-2007.-Angelines-Gil-Molinos-Charo-reciben-a-Kathy-y-Vicente.-e1657614414558.png 780w\" sizes=\"auto, (max-width: 763px) 100vw, 763px\" \/><\/figure>\n\n\n\n<p>Vicente, Angelines, Charo, Kathy. Primer Encuentro, Zaragoza, 2007.<\/p>\n\n\n\n<p>Ese mismo Viernes, Charo y Angelines nos condujeron hasta la ciudad amurallada de Morella, a un par de horas al Sur-Este de Zaragoza. All\u00ed caminamos por la bella ciudad que fue escenario de ocupaci\u00f3n por romanos, \u00e1rabes, franceses y los revolucionarios carlistas de Ram\u00f3n Cabrera.<\/p>\n\n\n\n<p>Pasamos la noche en el hotel antiguo de Morella, muy tradicional, frente a una cigarrer\u00eda Molinos cuya due\u00f1a era casada con un posible pariente de la rama de Forcall, pero no lo confirmaban.<\/p>\n\n\n\n<p>El S\u00e1bado a las 8 am nos despertamos con una banda de m\u00fasicos de Morella que sal\u00eda a una romer\u00eda y se desped\u00eda marchando por las estrechas calles con sus flautas y tambores.<\/p>\n\n\n\n<p>Los aficionados a los quesos, jamones y pasteles gozar\u00e1n recorriendo las diversas rotiser\u00edas y pasteler\u00edas del pueblo. Con Kathy subimos por el lado de las puertas hacia la fortaleza pero estaba cerrada y no pudimos ver el convento que parece ser muy lindo. Solo logramos sacar unas bellas fotos de las amapolas.<\/p>\n\n\n\n<p>Visitamos la Calle Juli\u00e1n Prats y, por fuera, el bar Prats que fu\u00e9 creado por la familia.<\/p>\n\n\n\n<figure class=\"wp-block-image size-large\"><img loading=\"lazy\" decoding=\"async\" width=\"1024\" height=\"768\" src=\"https:\/\/molinos.net\/wordpress\/wp-content\/uploads\/2022\/07\/Morella-2007-1024x768.png\" alt=\"\" class=\"wp-image-677\" srcset=\"https:\/\/molinos.net\/wordpress\/wp-content\/uploads\/2022\/07\/Morella-2007-1024x768.png 1024w, https:\/\/molinos.net\/wordpress\/wp-content\/uploads\/2022\/07\/Morella-2007-300x225.png 300w, https:\/\/molinos.net\/wordpress\/wp-content\/uploads\/2022\/07\/Morella-2007-768x576.png 768w, https:\/\/molinos.net\/wordpress\/wp-content\/uploads\/2022\/07\/Morella-2007-1536x1152.png 1536w, https:\/\/molinos.net\/wordpress\/wp-content\/uploads\/2022\/07\/Morella-2007-1200x900.png 1200w, https:\/\/molinos.net\/wordpress\/wp-content\/uploads\/2022\/07\/Morella-2007-1980x1485.png 1980w, https:\/\/molinos.net\/wordpress\/wp-content\/uploads\/2022\/07\/Morella-2007.png 2048w\" sizes=\"auto, (max-width: 1024px) 100vw, 1024px\" \/><figcaption>Amapolas rojas en Morella, 2007<\/figcaption><\/figure>\n\n\n\n<p><\/p>\n\n\n\n<p><strong>La reuni\u00f3n-almuerzo de las familias de los Molinos de Forcall.<\/strong><\/p>\n\n\n\n<p>El S\u00e1bado 5 de Mayo de 2007, un a\u00f1o exacto despu\u00e9s del primer email de Charo, nos juntamos en Forcall cincuenta descendientes o parientes en alguna forma de mi bisabuelo Vicente Molinos Prats \u00f3 de su hermana Pascuala.<\/p>\n\n\n\n<p>Ricardo M.M. elabor\u00f3 un DVD con pel\u00edcula<strong> <\/strong>de todo el evento. El se\u00f1or Alcalde de Forcall vino al almuerzo a darnos la bienvenida oficial y la Colonia Forcallano-Catalana envi\u00f3 un bello libro sobre Forcall como obsequio.<\/p>\n\n\n\n<p>Hab\u00eda unas seis mesas llenas, mucha juventud y buen humor por todos lados. A Kathy y a m\u00ed nos sentaron con los primos de mi generaci\u00f3n, Consuelo Molinos Mart\u00edn, Estrella Mart\u00edn Molinos, Angelines Gil Molinos, Ar\u00edstides Carb\u00f3 Molinos, todos ellos nietos de Liborio Molinos Giner, hermano mayor de mi abuelo Antonio Molinos Giner y heredero de la mas\u00eda y su moleta.<\/p>\n\n\n\n<figure class=\"wp-block-image size-large\"><img loading=\"lazy\" decoding=\"async\" width=\"1024\" height=\"768\" src=\"https:\/\/molinos.net\/wordpress\/wp-content\/uploads\/2022\/07\/DSC00272-1024x768.jpg\" alt=\"\" class=\"wp-image-697\" srcset=\"https:\/\/molinos.net\/wordpress\/wp-content\/uploads\/2022\/07\/DSC00272-1024x768.jpg 1024w, https:\/\/molinos.net\/wordpress\/wp-content\/uploads\/2022\/07\/DSC00272-300x225.jpg 300w, https:\/\/molinos.net\/wordpress\/wp-content\/uploads\/2022\/07\/DSC00272-768x576.jpg 768w, https:\/\/molinos.net\/wordpress\/wp-content\/uploads\/2022\/07\/DSC00272-1536x1152.jpg 1536w, https:\/\/molinos.net\/wordpress\/wp-content\/uploads\/2022\/07\/DSC00272-2048x1536.jpg 2048w, https:\/\/molinos.net\/wordpress\/wp-content\/uploads\/2022\/07\/DSC00272-1200x900.jpg 1200w, https:\/\/molinos.net\/wordpress\/wp-content\/uploads\/2022\/07\/DSC00272-1980x1485.jpg 1980w\" sizes=\"auto, (max-width: 1024px) 100vw, 1024px\" \/><figcaption>Primos Mayores: Rosita Molinos Mart\u00edn, Ar\u00edstides Carb\u00f3 Molinos, Vicente Molinos U.,Consuelo Molinos Mart\u00edn, Angelines Gil Molinos, Estrella Mart\u00edn Molinos. Forcall 2007.<\/figcaption><\/figure>\n\n\n\n<p><\/p>\n\n\n\n<p>Hubo regalos para los primos mayores y especialmente para Ar\u00edstides Carb\u00f3 Molinos quien cumpl\u00eda ochenta a\u00f1os.<\/p>\n\n\n\n<p>A Kathy le regalaron un bello ramo de flores y a m\u00ed varias fotos familiares, incluyendo la foto original firmada por mis abuelos Antonio y Amelia el d\u00eda de su boda en Chile el 21 de Agosto de 1892. Recibimos una placa recordatoria m\u00e1s una carpeta alusiva preparada por Ricardo M. M. y firmada por los asistentes. Todo muy emocionante.<\/p>\n\n\n\n<p>Ricardo hizo una rese\u00f1a de su genealog\u00eda de los Giner y Mart\u00edn y de su trabajo hist\u00f3rico sobre la <a href=\"https:\/\/molinos.net\/la-masia-de-el-huergo\/\" data-type=\"URL\" data-id=\"https:\/\/molinos.net\/la-masia-de-el-huergo\/\"><strong>Mas\u00eda del Huergo<\/strong>.<\/a><\/p>\n\n\n\n<p>Yo hice una presentaci\u00f3n sobre las familias de Chile y de USA y colgamos un cuadro geneal\u00f3gicoque mide 0.6m x 0.8 m,<strong> <\/strong><a href=\"https:\/\/molinos.net\/wordpress\/wp-content\/uploads\/2023\/04\/Arbol-Familiar-ForcallPapel-mantequilla56x83cm2007MOPCMMIndice8-hojas-VMU-Junio2022.pdf\"><strong>escrito a mano<\/strong><\/a> por Consuelo Molinos Mart\u00edn y su sobrina Marisa O.P. de Forcall. Era muy gratificante ver como los j\u00f3venes trataban de ubicarse en los cuadros que colgamos y como algunos realizaban adiciones y correcciones con l\u00e1piz, sobre la marcha. Vicente prometi\u00f3 enviarles la versi\u00f3n digital actualizada.<\/p>\n\n\n\n<p>Un peri\u00f3dico regional public\u00f3 un <strong><a href=\"https:\/\/molinos.net\/familytree\/public\/moluga\/Forcall%20Molinos%20Family%20Meeting,%20May%205,%202007,elmundo001.jpg\">reportaje<\/a><\/strong> y foto del evento.<\/p>\n\n\n\n<p>Nuestros Agradecimientos al Ayuntamiento de Forcall, a la Colonia Forcallana de Catalu\u00f1a, al Sr. Enrique P.M., al Peri\u00f3dico El Mundo y los asistentes y organizadores del evento. Con nuestros agradecidos recuerdos y especial afecto para los nuestros que ya han partido.<\/p>\n\n\n\n<p><\/p>\n","protected":false},"excerpt":{"rendered":"<p>Esta semana m\u00e1gica empez\u00f3 a gestarse el 5 de Mayo de 2006 cuando Vicente M.U. abri\u00f3 un email con un remitente de siglas muy raras. Cuando el dedo iba a la tecla de \u00a8Botar\u00a8, una fuerza interior lo detuvo. \u00a8No, mejor lo miras\u2026 puede ser importante\u00a8. Pues bien,\u2026 el resto es historia. Esta historia. El [&hellip;]<\/p>\n","protected":false},"author":4,"featured_media":0,"parent":102,"menu_order":1,"comment_status":"closed","ping_status":"closed","template":"templates\/template-full-width.php","meta":{"footnotes":""},"class_list":["post-669","page","type-page","status-publish","hentry"],"_links":{"self":[{"href":"https:\/\/molinos.net\/index.php?rest_route=\/wp\/v2\/pages\/669","targetHints":{"allow":["GET"]}}],"collection":[{"href":"https:\/\/molinos.net\/index.php?rest_route=\/wp\/v2\/pages"}],"about":[{"href":"https:\/\/molinos.net\/index.php?rest_route=\/wp\/v2\/types\/page"}],"author":[{"embeddable":true,"href":"https:\/\/molinos.net\/index.php?rest_route=\/wp\/v2\/users\/4"}],"replies":[{"embeddable":true,"href":"https:\/\/molinos.net\/index.php?rest_route=%2Fwp%2Fv2%2Fcomments&post=669"}],"version-history":[{"count":28,"href":"https:\/\/molinos.net\/index.php?rest_route=\/wp\/v2\/pages\/669\/revisions"}],"predecessor-version":[{"id":1196,"href":"https:\/\/molinos.net\/index.php?rest_route=\/wp\/v2\/pages\/669\/revisions\/1196"}],"up":[{"embeddable":true,"href":"https:\/\/molinos.net\/index.php?rest_route=\/wp\/v2\/pages\/102"}],"wp:attachment":[{"href":"https:\/\/molinos.net\/index.php?rest_route=%2Fwp%2Fv2%2Fmedia&parent=669"}],"curies":[{"name":"wp","href":"https:\/\/api.w.org\/{rel}","templated":true}]}}