{"id":635,"date":"2022-07-06T12:04:38","date_gmt":"2022-07-06T19:04:38","guid":{"rendered":"https:\/\/molinos.net\/?page_id=635"},"modified":"2026-03-02T03:37:06","modified_gmt":"2026-03-02T11:37:06","slug":"las-familias-de-el-huergo-y-mas-de-blasco","status":"publish","type":"page","link":"https:\/\/molinos.net\/?page_id=635","title":{"rendered":"Las Familias de El Huergo y Mas de Blasco"},"content":{"rendered":"\n<p class=\"has-primary-color has-text-color has-background has-larger-font-size\" style=\"background-color:#e7c6c6\">Resumen familiar<\/p>\n\n\n\n<p class=\"has-primary-color has-text-color has-background has-larger-font-size\" style=\"background-color:#e7c6c6\">En las <a href=\"https:\/\/molinos.net\/?page_id=663\" data-type=\"URL\" data-id=\"https:\/\/molinos.net\/?page_id=663\" target=\"_blank\" rel=\"noreferrer noopener\">Mas\u00edas de El Huergo o G\u00fcergo<\/a> y del <a href=\"https:\/\/molinos.net\/?page_id=698\" target=\"_blank\" rel=\"noreferrer noopener\">Mas de Blasco<\/a>, habitaron en los siglos XVIII, XIX y XX unas familias con los apellidos Mart\u00edn, Giner y Blasco principalmente. Los apellidos Giner o Xiner y Blasco, probablemente arraigaron en ellas con anterioridad. El apellido Mart\u00edn se introdujo en El Huergo con la persona de <a href=\"https:\/\/ellosynos.com\/familytree\/tree\/moluga\/individual\/I263\/Blas-Martin-Espallargas\" target=\"_blank\" rel=\"noreferrer noopener\">Blas Mart\u00edn Espallargas<\/a>, de Seno (Teruel), casado con <a href=\"https:\/\/ellosynos.com\/familytree\/tree\/moluga\/individual\/I262\/Barbara-Giner-Asensio\" target=\"_blank\" rel=\"noreferrer noopener\">B\u00e1rbara Giner Asensio<\/a> que proced\u00eda por su apellido Giner de El Huergo y por el materno de la mas\u00eda de la torre Asensio en Bord\u00f3n.<\/p>\n\n\n<div class=\"wp-block-image\">\n<figure class=\"aligncenter size-full is-resized\"><img loading=\"lazy\" decoding=\"async\" width=\"344\" height=\"497\" src=\"https:\/\/molinos.net\/wordpress\/wp-content\/uploads\/2022\/07\/Torreon-de-El-Huergo.jpg\" alt=\"\" class=\"wp-image-644\" style=\"width:344px;height:497px\" srcset=\"https:\/\/molinos.net\/wordpress\/wp-content\/uploads\/2022\/07\/Torreon-de-El-Huergo.jpg 344w, https:\/\/molinos.net\/wordpress\/wp-content\/uploads\/2022\/07\/Torreon-de-El-Huergo-208x300.jpg 208w\" sizes=\"auto, (max-width: 344px) 100vw, 344px\" \/><figcaption class=\"wp-element-caption\">Torre\u00f3n de piedra de El Huergo<\/figcaption><\/figure>\n<\/div>\n\n\n<p class=\"has-primary-color has-text-color has-background has-larger-font-size\" style=\"background-color:#e7c6c6\">El apellido Blasco arraig\u00f3 en el <a href=\"https:\/\/molinos.net\/?page_id=698\" target=\"_blank\" rel=\"noreferrer noopener\">Mas de Blasco<\/a>, y se tienen noticias de \u00e9l desde <a href=\"https:\/\/ellosynos.com\/familytree\/tree\/moluga\/individual\/I383\/Jeronimo-Blasco-Giner\" target=\"_blank\" rel=\"noreferrer noopener\">Jer\u00f3nimo Blasco<\/a>, casado con <a href=\"https:\/\/ellosynos.com\/familytree\/tree\/moluga\/individual\/I384\/Maria-Giner\" target=\"_blank\" rel=\"noreferrer noopener\">Mar\u00eda Giner<\/a> probablemente oriunda de la cercana Mas\u00eda de El Huergo. De ellos procedi\u00f3 <a href=\"https:\/\/ellosynos.com\/familytree\/tree\/moluga\/search-general?query=Manuel%20Blasco%20Ejarque\" target=\"_blank\" rel=\"noreferrer noopener\">Manuel Blasco Ejarque<\/a>, due\u00f1o del Mas, que cas\u00f3 con <a href=\"https:\/\/ellosynos.com\/familytree\/tree\/moluga\/search-general?query=Pascuala%20Molinos%20Prats\" target=\"_blank\" rel=\"noreferrer noopener\">Pascuala Molinos Prats<\/a>, nacida en el Mas de los Frailes del Forcall el a\u00f1o1836 y que tambi\u00e9n estaba enraizada por v\u00eda materna con el Mas de Farinetes de Morella.<\/p>\n\n\n\n<figure class=\"wp-block-image size-large is-resized\"><img loading=\"lazy\" decoding=\"async\" width=\"1024\" height=\"683\" src=\"https:\/\/molinos.net\/wordpress\/wp-content\/uploads\/2022\/07\/MBMA8001-1024x683.jpg\" alt=\"\" class=\"wp-image-645\" style=\"width:1024px;height:683px\" srcset=\"https:\/\/molinos.net\/wordpress\/wp-content\/uploads\/2022\/07\/MBMA8001-1024x683.jpg 1024w, https:\/\/molinos.net\/wordpress\/wp-content\/uploads\/2022\/07\/MBMA8001-300x200.jpg 300w, https:\/\/molinos.net\/wordpress\/wp-content\/uploads\/2022\/07\/MBMA8001-768x512.jpg 768w, https:\/\/molinos.net\/wordpress\/wp-content\/uploads\/2022\/07\/MBMA8001.jpg 1175w\" sizes=\"auto, (max-width: 1024px) 100vw, 1024px\" \/><figcaption class=\"wp-element-caption\">Casas del Mas de Blasco<\/figcaption><\/figure>\n\n\n\n<p class=\"has-primary-color has-text-color has-background has-larger-font-size\" style=\"background-color:#e7c6c6\">La tradici\u00f3n del \u201chereu\u201d, heredero de la mas\u00eda a la muerte de sus padres, era una costumbre en este territorio aragon\u00e9s. Al resto de los hermanos, se les daba dinero y posesiones en los pueblos cercanos y a las hijas una dote y se les casaba, si era posible, con alg\u00fan \u201chereu\u201d de otro Mas o Mas\u00eda. El fin que se persegu\u00eda era no disgregar el patrimonio principal de la familia. As\u00ed pues, hubo matrimonios entre hijos e hijas del Mas de Blasco y de El Huergo, como el de <a href=\"https:\/\/ellosynos.com\/familytree\/tree\/moluga\/individual\/I274\/Manuel-Martin-Giner\" target=\"_blank\" rel=\"noreferrer noopener\">Manuel Mart\u00edn Giner<\/a> y <a href=\"https:\/\/ellosynos.com\/familytree\/tree\/moluga\/individual\/I273\/Maria-Rosa-Blasco-Molinos\" target=\"_blank\" rel=\"noreferrer noopener\">Mar\u00eda Rosa Blasco Molinos<\/a>.<\/p>\n","protected":false},"excerpt":{"rendered":"<p>Resumen familiar En las Mas\u00edas de El Huergo o G\u00fcergo y del Mas de Blasco, habitaron en los siglos XVIII, XIX y XX unas familias con los apellidos Mart\u00edn, Giner y Blasco principalmente. Los apellidos Giner o Xiner y Blasco, probablemente arraigaron en ellas con anterioridad. El apellido Mart\u00edn se introdujo en El Huergo con [&hellip;]<\/p>\n","protected":false},"author":3,"featured_media":0,"parent":0,"menu_order":0,"comment_status":"closed","ping_status":"closed","template":"templates\/template-full-width.php","meta":{"footnotes":""},"class_list":["post-635","page","type-page","status-publish","hentry"],"_links":{"self":[{"href":"https:\/\/molinos.net\/index.php?rest_route=\/wp\/v2\/pages\/635","targetHints":{"allow":["GET"]}}],"collection":[{"href":"https:\/\/molinos.net\/index.php?rest_route=\/wp\/v2\/pages"}],"about":[{"href":"https:\/\/molinos.net\/index.php?rest_route=\/wp\/v2\/types\/page"}],"author":[{"embeddable":true,"href":"https:\/\/molinos.net\/index.php?rest_route=\/wp\/v2\/users\/3"}],"replies":[{"embeddable":true,"href":"https:\/\/molinos.net\/index.php?rest_route=%2Fwp%2Fv2%2Fcomments&post=635"}],"version-history":[{"count":9,"href":"https:\/\/molinos.net\/index.php?rest_route=\/wp\/v2\/pages\/635\/revisions"}],"predecessor-version":[{"id":1492,"href":"https:\/\/molinos.net\/index.php?rest_route=\/wp\/v2\/pages\/635\/revisions\/1492"}],"wp:attachment":[{"href":"https:\/\/molinos.net\/index.php?rest_route=%2Fwp%2Fv2%2Fmedia&parent=635"}],"curies":[{"name":"wp","href":"https:\/\/api.w.org\/{rel}","templated":true}]}}