{"id":375,"date":"2022-06-23T01:16:57","date_gmt":"2022-06-23T08:16:57","guid":{"rendered":"https:\/\/molinos.net\/?page_id=375"},"modified":"2026-03-02T03:29:13","modified_gmt":"2026-03-02T11:29:13","slug":"genealogia-del-apellido-ugarte","status":"publish","type":"page","link":"https:\/\/molinos.net\/?page_id=375","title":{"rendered":"Genealog\u00eda de nuestros \u201cUGARTE\u201d"},"content":{"rendered":"\n<p class=\"has-text-color has-background has-larger-font-size\" style=\"color:#050725;background-color:#fce0a3\"><strong>Resumen familiar<\/strong><\/p>\n\n\n\n<p class=\"has-text-color has-background\" style=\"color:#050725;background-color:#fce0a3\">En 1671 <strong><a href=\"https:\/\/ellosynos.com\/familytree\/tree\/moluga\/individual\/I237\/Juan-Ugarte-Urrispuro\" target=\"_blank\" rel=\"noreferrer noopener\">Juan de Ugarte Urrispuro<\/a><\/strong>, natural de Macaya, Navarra, Espa\u00f1a, viaj\u00f3 al Reino de Chile y lleg\u00f3 a ocupar el cargo de Secretario de Guerra y Gobierno del reino hasta 1702, poco antes de fallecer. Su hijo <strong><a href=\"https:\/\/ellosynos.com\/familytree\/tree\/moluga\/individual\/I235\/Gregorio-Ugarte-Avaria\" target=\"_blank\" rel=\"noreferrer noopener\">Gregorio Ugarte Avaria<\/a><\/strong>, su nieto <a href=\"https:\/\/ellosynos.com\/familytree\/tree\/moluga\/individual\/I83\/Juan-Jeronimo-Ugarte\" target=\"_blank\" rel=\"noreferrer noopener\"><strong>Juan Jer\u00f3nimo<\/strong> <strong>Ugarte Salinas<\/strong><\/a>y su bisnieto <strong><a href=\"https:\/\/ellosynos.com\/familytree\/tree\/moluga\/individual\/I356\/Jose-Santiago-Ugarte-Salinas\" target=\"_blank\" rel=\"noreferrer noopener\">Jos\u00e9 Santiago Ugarte Salinas<\/a><\/strong> ocuparon cargos p\u00fablicos importantes en el gobierno espa\u00f1ol del Reino y como alcaldes de la ciudad de Santiago, antes que Chile lograra su independencia en 1810.<\/p>\n\n\n\n<p class=\"has-text-color has-background\" style=\"color:#050725;background-color:#fce0a3\">En 1851 el juez del Crimen de Santiago, <strong><a href=\"https:\/\/ellosynos.com\/familytree\/tree\/moluga\/individual\/I360\/Pedro-Ugarte-Ramirez\" target=\"_blank\" rel=\"noreferrer noopener\">Pedro Ugarte Ram\u00edrez<\/a>,<\/strong> de alto perfil pol\u00edtico, es exilado al Per\u00fa. Su nieto es <strong><a href=\"https:\/\/ellosynos.com\/familytree\/tree\/moluga\/individual\/I492\/Pedro-Ugarte-Castro\" target=\"_blank\" rel=\"noreferrer noopener\">Arturo Ugarte Castro<\/a><\/strong> quien casa en 1887 con <a href=\"https:\/\/ellosynos.com\/familytree\/tree\/moluga\/individual\/I7\/Victoria-Buhler-Kowoll\" target=\"_blank\" rel=\"noreferrer noopener\"><strong>Victoria<\/strong> <strong>B\u03cbhler<\/strong> <strong>Kowoll<\/strong><\/a>, la hija de <strong><a href=\"https:\/\/ellosynos.com\/familytree\/tree\/moluga\/individual\/I194\/Johann-Georg-Buhler-Bosch\" target=\"_blank\" rel=\"noreferrer noopener\">Johann Georg B\u03cbhler Bosch<\/a><a href=\"https:\/\/molinos.net\/familytree\/tree\/moluga\/individual\/I492\/Pedro-Ugarte-Castro\" target=\"_blank\" rel=\"noreferrer noopener\"><\/a><\/strong> , un joven ex-militar alem\u00e1n inmigrante al Sur de Chile.<\/p>\n\n\n\n<p class=\"has-text-color has-background\" style=\"color:#050725;background-color:#fce0a3\">Los cinco hijos varones Ugarte B\u03cbhler protagonizaron varias <strong><a href=\"https:\/\/ellosynos.com\/familytree\/tree\/moluga\/individual\/I215\/Arturo-Ugarte-Buhler#tab-stories\">aventuras<\/a> <\/strong>y originan las ramas con descendientes varones registrados: <strong>Ugarte-Aldunate, Ugarte-Elgueta, Ugarte\u2013Vergara. <\/strong>Sus dos hermanas fueron <strong>ejemplos de fortaleza <\/strong>y originan las ramas <strong>Ulriksen-Ugarte<\/strong> y <strong>Molinos-Ugarte<\/strong>.<\/p>\n\n\n\n<p class=\"has-text-color has-background\" style=\"color:#050725;background-color:#fce0a3\">Desde finales del siglo XX algunos descendientes de estas \u00faltimas ramas migran desde Chile hacia el norte creando ramas en Brasil, Bolivia, Estados Unidos, Italia y Uruguay.<\/p>\n\n\n<div class=\"wp-block-image\">\n<figure class=\"aligncenter size-full\"><img loading=\"lazy\" decoding=\"async\" width=\"469\" height=\"325\" src=\"https:\/\/molinos.net\/wordpress\/wp-content\/uploads\/2022\/06\/Arturo-Ugarte-Castro-con-sus-nietos.jpg\" alt=\"\" class=\"wp-image-387\" srcset=\"https:\/\/molinos.net\/wordpress\/wp-content\/uploads\/2022\/06\/Arturo-Ugarte-Castro-con-sus-nietos.jpg 469w, https:\/\/molinos.net\/wordpress\/wp-content\/uploads\/2022\/06\/Arturo-Ugarte-Castro-con-sus-nietos-300x208.jpg 300w\" sizes=\"auto, (max-width: 469px) 100vw, 469px\" \/><figcaption class=\"wp-element-caption\">Arturo Ugarte Castro con sus nietos<\/figcaption><\/figure>\n<\/div>\n\n\n<p class=\"has-background has-larger-font-size\" style=\"background-color:#fce0a3\"><strong>Fuentes y Reconocimiento:<\/strong> <\/p>\n\n\n\n<p class=\"has-background\" style=\"background-color:#fce0a3\">La recoleci\u00f3n de fotos de los antepasados, realizada antes de la \u00e9poca digital, es obra de <strong><a href=\"https:\/\/ellosynos.com\/familytree\/tree\/moluga\/individual\/I214\/Victor-Ugarte-Buhler\">Victor Ugarte B\u03cbhler<\/a><\/strong>. Las numerosas ramas Ugarte generadas en Chile por nuestros antepasados, as\u00ed como otras fuentes b\u00e1sicas, pueden verse en el magn\u00edfico sitio web por Mauricio Pilleux <strong><a href=\"https:\/\/www.genealog.cl\/Chile\/U\/Ugarte\/\">https:\/\/www.genealog.cl\/Chile\/U\/Ugarte\/<\/a> <\/strong><\/p>\n\n\n\n<p class=\"has-background has-larger-font-size\" style=\"background-color:#fce0a3\"><strong>Areas de Inter\u00e9s y Contacto:<\/strong><\/p>\n\n\n\n<p class=\"has-text-color has-background\" style=\"color:#050725;background-color:#fce0a3\">1. Buscamos m\u00e1s informaci\u00f3n sobre nuestros <strong><a href=\"https:\/\/ellosynos.com\/familytree\/tree\/moluga\/individual\/I539\/Pedro-Ugarte-Bam\" target=\"_blank\" rel=\"noreferrer noopener\">primeros Ugarte<\/a><\/strong> que vivieron en el siglo XVII en el reino de Navarra.<\/p>\n\n\n\n<p class=\"has-text-color has-background\" style=\"color:#050725;background-color:#fce0a3\">2. Buscamos m\u00e1s informaci\u00f3n sobre <strong><a href=\"https:\/\/ellosynos.com\/familytree\/tree\/moluga\/individual\/I250\/Gertrudis-Castro-de-la-Veracruz\">Gertrudis\u00a0Castro\u00a0de la Veracruz<\/a><\/strong><a href=\"https:\/\/molinos.net\/familytree\/tree\/moluga\/individual\/I250\/Gertrudis-Castro-de-la-Veracruz\"><\/a>.<\/p>\n\n\n\n<p class=\"has-text-color has-background\" style=\"color:#050725;background-color:#fce0a3\">3. Buscamos m\u00e1s informaci\u00f3n sobre <strong><a href=\"https:\/\/ellosynos.com\/familytree\/tree\/moluga\/individual\/I524\/Carmen-Otero\" target=\"_blank\" rel=\"noreferrer noopener\">Carmen Otero<\/a> <\/strong>,abuela de Arturo Ugarte Castro.<\/p>\n\n\n\n<p><\/p>\n\n\n\n<p><\/p>\n\n\n\n<p class=\"has-background\" style=\"background-color:#fce0a3\">Interesados en compartir informaci\u00f3n documentada pueden escribir a: vicentem@molinos.net .<\/p>\n","protected":false},"excerpt":{"rendered":"<p>Resumen familiar En 1671 Juan de Ugarte Urrispuro, natural de Macaya, Navarra, Espa\u00f1a, viaj\u00f3 al Reino de Chile y lleg\u00f3 a ocupar el cargo de Secretario de Guerra y Gobierno del reino hasta 1702, poco antes de fallecer. Su hijo Gregorio Ugarte Avaria, su nieto Juan Jer\u00f3nimo Ugarte Salinasy su bisnieto Jos\u00e9 Santiago Ugarte Salinas [&hellip;]<\/p>\n","protected":false},"author":3,"featured_media":0,"parent":0,"menu_order":0,"comment_status":"closed","ping_status":"closed","template":"templates\/template-full-width.php","meta":{"footnotes":""},"class_list":["post-375","page","type-page","status-publish","hentry"],"_links":{"self":[{"href":"https:\/\/molinos.net\/index.php?rest_route=\/wp\/v2\/pages\/375","targetHints":{"allow":["GET"]}}],"collection":[{"href":"https:\/\/molinos.net\/index.php?rest_route=\/wp\/v2\/pages"}],"about":[{"href":"https:\/\/molinos.net\/index.php?rest_route=\/wp\/v2\/types\/page"}],"author":[{"embeddable":true,"href":"https:\/\/molinos.net\/index.php?rest_route=\/wp\/v2\/users\/3"}],"replies":[{"embeddable":true,"href":"https:\/\/molinos.net\/index.php?rest_route=%2Fwp%2Fv2%2Fcomments&post=375"}],"version-history":[{"count":24,"href":"https:\/\/molinos.net\/index.php?rest_route=\/wp\/v2\/pages\/375\/revisions"}],"predecessor-version":[{"id":1490,"href":"https:\/\/molinos.net\/index.php?rest_route=\/wp\/v2\/pages\/375\/revisions\/1490"}],"wp:attachment":[{"href":"https:\/\/molinos.net\/index.php?rest_route=%2Fwp%2Fv2%2Fmedia&parent=375"}],"curies":[{"name":"wp","href":"https:\/\/api.w.org\/{rel}","templated":true}]}}