{"id":160,"date":"2022-06-15T12:53:30","date_gmt":"2022-06-15T19:53:30","guid":{"rendered":"https:\/\/molinos.net\/?page_id=160"},"modified":"2022-07-21T00:11:46","modified_gmt":"2022-07-21T07:11:46","slug":"contacto","status":"publish","type":"page","link":"https:\/\/molinos.net\/?page_id=160","title":{"rendered":"CONTACTO"},"content":{"rendered":"\n<p>GENEALOG\u00cdA MOLINOS<br>C\/<br>Poblaci\u00f3n<br>tel:<\/p>\n\n\n\n<h2 class=\"wp-block-heading\">Formulario de contacto (EN CONSTRUCCI\u00d3N)<\/h2>\n\n\n\n<p class=\"has-background\" style=\"background-color:#db7c7c\">Nota: los campos se\u00f1alados con * son obligatorios. <\/p>\n\n\n\n<p class=\"has-background\" style=\"background-color:#f2e1e1\">Nombre<br><br>Correo electr\u00f3nico*<br><br>Mensaje*<br><\/p>\n\n\n\n<p><a href=\"https:\/\/www.blogger.com\/rearrange?blogID=3270722494655360847&amp;widgetType=ContactForm&amp;widgetId=ContactForm1&amp;action=editWidget&amp;sectionId=sidebar-right-1\"><\/a><\/p>\n","protected":false},"excerpt":{"rendered":"<p>GENEALOG\u00cdA MOLINOSC\/Poblaci\u00f3ntel: Formulario de contacto (EN CONSTRUCCI\u00d3N) Nota: los campos se\u00f1alados con * son obligatorios. Nombre Correo electr\u00f3nico* Mensaje*<\/p>\n","protected":false},"author":3,"featured_media":0,"parent":0,"menu_order":0,"comment_status":"closed","ping_status":"closed","template":"templates\/template-full-width.php","meta":{"footnotes":""},"class_list":["post-160","page","type-page","status-publish","hentry"],"_links":{"self":[{"href":"https:\/\/molinos.net\/index.php?rest_route=\/wp\/v2\/pages\/160","targetHints":{"allow":["GET"]}}],"collection":[{"href":"https:\/\/molinos.net\/index.php?rest_route=\/wp\/v2\/pages"}],"about":[{"href":"https:\/\/molinos.net\/index.php?rest_route=\/wp\/v2\/types\/page"}],"author":[{"embeddable":true,"href":"https:\/\/molinos.net\/index.php?rest_route=\/wp\/v2\/users\/3"}],"replies":[{"embeddable":true,"href":"https:\/\/molinos.net\/index.php?rest_route=%2Fwp%2Fv2%2Fcomments&post=160"}],"version-history":[{"count":8,"href":"https:\/\/molinos.net\/index.php?rest_route=\/wp\/v2\/pages\/160\/revisions"}],"predecessor-version":[{"id":1145,"href":"https:\/\/molinos.net\/index.php?rest_route=\/wp\/v2\/pages\/160\/revisions\/1145"}],"wp:attachment":[{"href":"https:\/\/molinos.net\/index.php?rest_route=%2Fwp%2Fv2%2Fmedia&parent=160"}],"curies":[{"name":"wp","href":"https:\/\/api.w.org\/{rel}","templated":true}]}}