{"id":1064,"date":"2023-04-01T12:07:04","date_gmt":"2023-04-01T19:07:04","guid":{"rendered":"https:\/\/molinos.net\/?page_id=1064"},"modified":"2023-04-03T22:23:45","modified_gmt":"2023-04-04T05:23:45","slug":"el-juez-pedro-ugarte-ramirez-1817-1867","status":"publish","type":"page","link":"https:\/\/molinos.net\/?page_id=1064","title":{"rendered":"El Juez Pedro Ugarte Ram\u00edrez (1817-1867)"},"content":{"rendered":"\n<h3 class=\"has-text-align-left wp-block-heading\"><strong>Curiosidad + Casualidad = Esta historia.<\/strong><\/h3>\n\n\n\n<p>Cuando ni\u00f1os admir\u00e1bamos con una mezcla de respeto y curiosidad los seis foto-retratos colgados en la galer\u00eda del Fundo La Paz, en las alturas de Angol, Chile. <\/p>\n\n\n\n<p>Reconoc\u00edamos al primero, el famoso <strong><a href=\"https:\/\/molinos.net\/familytree\/tree\/moluga\/individual\/I83\/Juan-Jeronimo-Ugarte\">\u00a8Contador Ugarte\u00a8<\/a><\/strong> y los dos \u00faltimos, del <strong><a href=\"https:\/\/molinos.net\/familytree\/tree\/moluga\/individual\/I6\/Arturo-Ugarte-Castro\">\u00a8Tata Arturo\u201d<\/a><\/strong>, mi abuelo materno, y el de su hijo, mi querido <strong><a href=\"https:\/\/molinos.net\/familytree\/tree\/moluga\/individual\/I214\/Victor-Ugarte-Buhler\">T\u00edo Vicho<\/a>,<\/strong> pionero de nuestra historia familiar. Los tres serios y elegantes personajes del medio eran un misterio. <\/p>\n\n\n\n<p>Treinta a\u00f1os despu\u00e9s, colgaban en la Hacienda Tipay de Caimanes. Sus marcos formales hab\u00edan desaparecido y bajo las fotos hab\u00eda nombres, fechas y anotaciones manuscritas. Estas pistas legadas por mi t\u00edo, picaron mi curiosidad.<\/p>\n\n\n\n<p>La pista clave viene de 2001. Durante una entrevista grabada en Montevideo por el cantautor uruguayo Daniel Viglietti, nuestra querida <strong><a href=\"https:\/\/molinos.net\/familytree\/tree\/moluga\/individual\/I498\/Victoria-Ugarte-Buhler\">T\u00eda Tola Ugarte<\/a><\/strong>, menciona con orgullo al Juez Pedro Ugarte. Desde all\u00ed fue cuesta abajo. <\/p>\n\n\n\n<p>Encontramos una copia digitada en Harvard del libro original de 1879, que citamos m\u00e1s abajo. En 2017, un amigo muy lector me mostr\u00f3 en Chile el libro original cuya primera p\u00e1gina es este foto-grabado del Juez Pedro Ugarte.<\/p>\n\n\n\n<p><\/p>\n\n\n<div class=\"wp-block-image\">\n<figure class=\"aligncenter size-large is-resized\"><img loading=\"lazy\" decoding=\"async\" src=\"https:\/\/molinos.net\/wordpress\/wp-content\/uploads\/2023\/04\/Pedro-Ugarte-Ramirez-Photo-from-1879-booklegend-below.-768x1024.jpg\" alt=\"\" class=\"wp-image-1078\" width=\"444\" height=\"592\" srcset=\"https:\/\/molinos.net\/wordpress\/wp-content\/uploads\/2023\/04\/Pedro-Ugarte-Ramirez-Photo-from-1879-booklegend-below.-768x1024.jpg 768w, https:\/\/molinos.net\/wordpress\/wp-content\/uploads\/2023\/04\/Pedro-Ugarte-Ramirez-Photo-from-1879-booklegend-below.-225x300.jpg 225w, https:\/\/molinos.net\/wordpress\/wp-content\/uploads\/2023\/04\/Pedro-Ugarte-Ramirez-Photo-from-1879-booklegend-below.-rotated.jpg 1073w\" sizes=\"auto, (max-width: 444px) 100vw, 444px\" \/><figcaption><strong>Pedro Ugarte Ram\u00edrez (1817-1867)<\/strong><\/figcaption><\/figure>\n<\/div>\n\n\n<h3 class=\"wp-block-heading\"><strong>Or\u00edgenes Familiares<\/strong><\/h3>\n\n\n\n<p>Pedro Ugarte Ram\u00edrez, PUR, naci\u00f3 en 1817, siete a\u00f1os despu\u00e9s de la Declaraci\u00f3n de la Independencia de Chile. Durante su infancia hasta 1823, los partidarios de la joven naci\u00f3n chilena enfrentaron en <strong><a href=\"https:\/\/es.wikipedia.org\/wiki\/Independencia_de_Chile\">varias batallas<\/a><\/strong> a las tropas y partidarios realistas hasta que Espa\u00f1a finalmente reconoci\u00f3 su Independencia en 1844.<\/p>\n\n\n\n<p>Su padre, como su abuelo, fue: Alcalde de Santiago, Secretario de Gobierno y Miembro del Consejo de su Majestad. PUR fue el doceavo de trece hijos y el \u00fanico var\u00f3n sobreviviente del matrimonio de <a href=\"https:\/\/molinos.net\/familytree\/tree\/moluga\/individual\/I356\/Jose-Santiago-Ugarte-Salinas\"><strong>Jos\u00e9 Santiago Ugarte Salina<\/strong>s<\/a> (1759-1812) con <strong><a href=\"https:\/\/molinos.net\/familytree\/tree\/moluga\/individual\/I357\/Maria-Mercedes-Ramirez-Velasco\">Mar\u00eda Mercedes Ram\u00edrez de Salda\u00f1a Velasco<\/a>, <\/strong>hija de un acaudalado comerciante.<\/p>\n\n\n<div class=\"wp-block-image\">\n<figure class=\"aligncenter size-large is-resized\"><img loading=\"lazy\" decoding=\"async\" src=\"https:\/\/molinos.net\/wordpress\/wp-content\/uploads\/2023\/04\/Jose-Santiago-Ugarte-Salinas-1759-1812-reducedno-legend-714x1024.jpg\" alt=\"\" class=\"wp-image-1076\" width=\"222\" height=\"317\" srcset=\"https:\/\/molinos.net\/wordpress\/wp-content\/uploads\/2023\/04\/Jose-Santiago-Ugarte-Salinas-1759-1812-reducedno-legend-714x1024.jpg 714w, https:\/\/molinos.net\/wordpress\/wp-content\/uploads\/2023\/04\/Jose-Santiago-Ugarte-Salinas-1759-1812-reducedno-legend-1071x1536.jpg 1071w, https:\/\/molinos.net\/wordpress\/wp-content\/uploads\/2023\/04\/Jose-Santiago-Ugarte-Salinas-1759-1812-reducedno-legend-1428x2048.jpg 1428w, https:\/\/molinos.net\/wordpress\/wp-content\/uploads\/2023\/04\/Jose-Santiago-Ugarte-Salinas-1759-1812-reducedno-legend-1200x1721.jpg 1200w, https:\/\/molinos.net\/wordpress\/wp-content\/uploads\/2023\/04\/Jose-Santiago-Ugarte-Salinas-1759-1812-reducedno-legend.jpg 1429w\" sizes=\"auto, (max-width: 222px) 100vw, 222px\" \/><figcaption>Jos\u00e9 Santiago Ugarte Salinas (1759-1812)<\/figcaption><\/figure>\n<\/div>\n\n\n<p>Hasta Marzo de 2023, nuestra \u00fanica fuente de informaci\u00f3n personal sobre PUR es el libro de su amigo y co-religionario liberal, el historiador Benjam\u00edn Vicu\u00f1a Mackenna. Citas de su<strong> <a href=\"https:\/\/www.museovicunamackenna.gob.cl\/publicaciones\/historia-de-la-jornada-del-20-de-abril-de-1851\">obra<\/a><\/strong>, est\u00e1n en <em>cursivas.<\/em><\/p>\n\n\n\n<p>Una colecci\u00f3n parcial de extractos de dicha obra ligados a PUR, puede verse <strong><a href=\"https:\/\/www.dropbox.com\/s\/j37pk0li3myp6e1\/Extractos%20del%20Libro%20de%20BVM%20Marzo%2026.docx?dl=0\">aqu\u00ed<\/a><\/strong>.<\/p>\n\n\n\n<p><\/p>\n\n\n\n<h3 class=\"wp-block-heading\"><strong>Juventud, Estudios y Descendencia.<\/strong><\/h3>\n\n\n\n<p>Seg\u00fan Vicu\u00f1a Mackenna, PUR<em>\u00a8fue criado consentido, altanero y fastuoso, pas\u00f3 en el ocio de ardientes i f\u00e1ciles placeres los primeros a\u00f1os de su juventud\u00a8<\/em> hasta que <em>\u00a8reaccion\u00f3 y entr\u00f3 por el camino del deber i del estudio\u00a8<\/em>.<\/p>\n\n\n\n<p>PUR se recibi\u00f3 de abogado a los 22 a\u00f1os en 1839, despu\u00e9s de haber tenido como catedr\u00e1tico en Leyes&#8211; por esas iron\u00edas del destino&#8211; a Manuel Montt, el futuro ministro, elegido presidente de Chile en Septiembre, 1851. <em>\u00a8Pero la abogac\u00eda no fue para Ugarte ni una ocupaci\u00f3n ni un recurso: fue s\u00f3lo un timbre social; y comprometi\u00f3 locamente los \u00faltimos bienes de su patrimonio en una de las grandes tertulias de aquel tiempo\u00a8<\/em><\/p>\n\n\n\n<p>En 1843, a los 26 a\u00f1os, con Carmen de Otero, fue padre de Pedro Ugarte Otero (1843-1914). El nombre de este est\u00e1 manuscrito como \u00a8Pedro Ugarte de Otero y Vial\u00a8 debajo de su retrato adulto.<\/p>\n\n\n<div class=\"wp-block-image\">\n<figure class=\"aligncenter size-large is-resized\"><img loading=\"lazy\" decoding=\"async\" src=\"https:\/\/molinos.net\/wordpress\/wp-content\/uploads\/2023\/04\/Pedro-Ugarte-Otero-1843-1914-portrait-from-Tipay-with-notes-by-VUB-reduced-60-654x1024.jpg\" alt=\"\" class=\"wp-image-1077\" width=\"259\" height=\"405\" srcset=\"https:\/\/molinos.net\/wordpress\/wp-content\/uploads\/2023\/04\/Pedro-Ugarte-Otero-1843-1914-portrait-from-Tipay-with-notes-by-VUB-reduced-60-654x1024.jpg 654w, https:\/\/molinos.net\/wordpress\/wp-content\/uploads\/2023\/04\/Pedro-Ugarte-Otero-1843-1914-portrait-from-Tipay-with-notes-by-VUB-reduced-60-192x300.jpg 192w, https:\/\/molinos.net\/wordpress\/wp-content\/uploads\/2023\/04\/Pedro-Ugarte-Otero-1843-1914-portrait-from-Tipay-with-notes-by-VUB-reduced-60-768x1202.jpg 768w, https:\/\/molinos.net\/wordpress\/wp-content\/uploads\/2023\/04\/Pedro-Ugarte-Otero-1843-1914-portrait-from-Tipay-with-notes-by-VUB-reduced-60-982x1536.jpg 982w, https:\/\/molinos.net\/wordpress\/wp-content\/uploads\/2023\/04\/Pedro-Ugarte-Otero-1843-1914-portrait-from-Tipay-with-notes-by-VUB-reduced-60-1309x2048.jpg 1309w, https:\/\/molinos.net\/wordpress\/wp-content\/uploads\/2023\/04\/Pedro-Ugarte-Otero-1843-1914-portrait-from-Tipay-with-notes-by-VUB-reduced-60-1200x1878.jpg 1200w, https:\/\/molinos.net\/wordpress\/wp-content\/uploads\/2023\/04\/Pedro-Ugarte-Otero-1843-1914-portrait-from-Tipay-with-notes-by-VUB-reduced-60-1980x3098.jpg 1980w, https:\/\/molinos.net\/wordpress\/wp-content\/uploads\/2023\/04\/Pedro-Ugarte-Otero-1843-1914-portrait-from-Tipay-with-notes-by-VUB-reduced-60-scaled.jpg 1636w\" sizes=\"auto, (max-width: 259px) 100vw, 259px\" \/><figcaption><strong>Pedro Ugarte Otero (1843-1914)<\/strong><\/figcaption><\/figure>\n<\/div>\n\n\n<p>La cercan\u00eda con la familia Vial, observada durante nuestra ni\u00f1ez, queda explicada cuando leemos que PUR ten\u00eda <em>\u00a8grandes afecciones personales por la familia Vial<\/em>\u00a8. PUR reconoci\u00f3 legalmente a su hijo Pedro, pero el ni\u00f1o fue criado por una hermana mayor, Rafaela Ugarte Ram\u00edrez, casada con Jacobo Vial Formas, de una numerosa e influyente familia de ministros, diputados y comerciantes. <\/p>\n\n\n\n<p>El origen y el destino de Carmen de Otero son a\u00fan un enigma por resolver. \u00a8Carmen Otero\u00a8 aparece en el certificado oficial de defunci\u00f3n de su hijo, expedido en 1914 en el Fundo La Victoria de Trebulco, cerca de Talagante, Chile. Cualquier informaci\u00f3n sobre <strong><a href=\"https:\/\/molinos.net\/familytree\/tree\/moluga\/individual\/I524\/Carmen-Otero\">Carmen Otero<\/a><\/strong> y sus descendientes ser\u00e1 muy bienvenida.<\/p>\n\n\n\n<p>En Agosto de 1844, PUR casa con con <strong><a href=\"https:\/\/molinos.net\/familytree\/tree\/moluga\/individual\/I361\/Natalia-del-Solar-Valdes\">Natalia del Solar Vald\u00e9s<\/a><\/strong>.<strong> S<\/strong>eg\u00fan la estupenda <strong><a href=\"https:\/\/www.genealog.cl\/Chile\/U\/Ugarte\">Genealog\u00eda Ugarte por Mauricio Pilleux<\/a><\/strong>, tuvieron tres hijos, incluyendo un sacerdote y una monja, pero sin descendencia conocida.<\/p>\n\n\n\n<h3 class=\"wp-block-heading\"><strong>El Juez Ugarte y el Apaleo a la Sociedad de la Igualdad.<\/strong><\/h3>\n\n\n\n<p>Por influencia de la familia, m\u00e1s que por vocaci\u00f3n, PUR ingres\u00f3 a la magistratura. <em>\u00a8Certero en sus juicios, firme en sus convicciones morales, inexorable contra el delito y el delincuente, labr\u00f3se con sus actos y laboriosidad un nombre verdaderamente popular. El juez Ugarte era en 1850, el terror de los malvados\u00a8<\/em><\/p>\n\n\n\n<p><em>\u00a8Por desgracia suya i con imprudente comprometimiento del magisterio que desempe\u00f1aba, llevaronle sus parciales al cabildo en las elecciones de 1849, i elegido inmediatamente alcalde, fue el alma de aquel cuerpo, en que la ajitaci\u00f3n sent\u00f3 sus reales desde la primera hora\u00a8<\/em>.<\/p>\n\n\n\n<p>Hacia fines de 1849 se crea en Santiago el Club de La Reforma, para propagar las ideas democr\u00e1ticas y apoyar a los diputados y la prensa Liberales en oposici\u00f3n al gobierno Conservador. En Abril de 1850, al regresar Francisco Bilbao y Santiago Arcos de sus estudios en Europa, estos imponen con fervor sus ideas de Libertad, Igualdad y Fraternidad, tra\u00eddas desde Francia. Nace la Sociedad de la Igualdad, SI.<\/p>\n\n\n\n<p>La SI, para mejorar la clase obrera, da clases a sus artesanos miembros y propone proyectos de educaci\u00f3n p\u00fablica gratuita y ba\u00f1os p\u00fablicos. Estos encuentran una abierta y fuerte oposici\u00f3n del partido Conservador y su candidato presidencial, el ministro del interior, Manuel Montt.<\/p>\n\n\n\n<p>En la noche del 19 de Agosto de 1850, al finalizar una reuni\u00f3n de la SI, el gobierno env\u00eda un grupo de matones y polic\u00edas a apalear a los directivos. Resultan varios heridos graves incluyendo, el diputado liberal Rafael Vial Formas, cu\u00f1ado del Juez Ugarte. Avisado por la familia Vial, el Juez del Crimen de Santiago toma r\u00e1pida acci\u00f3n y esa misma noche apresa e inicia un sumario contra los detenidos.<\/p>\n\n\n\n<p>El gobierno presiona para hacer p\u00fablico el sumario secreto y obstaculizar la causa legal. Cuando el juez Ugarte rechaza dichas presiones, el gobierno logra que el Juez Ugarte sea suspendido por el Tribunal Superior, el 6 de Septiembre de 1850. <\/p>\n\n\n\n<p>Despu\u00e9s de crecientes protestas regionales contra los excesos autoritarios del gobierno este declara, el 7 de Noviembre de 1850, estado de sitio en las provincias de Santiago y Aconcagua y ordena detener al Juez Pedro Ugarte y toda la directiva de la SI, incluyendo algunos pol\u00edticos de oposici\u00f3n. <\/p>\n\n\n\n<p>Ugarte, Bilbao, Vicu\u00f1a &nbsp;y varios otros logran evadirse y empiezan a tramar una revoluci\u00f3n armada. Durante este periodo el Juez Ugarte asume el liderazgo y es apodado por sus co-conspiradores <em>\u00a8el ap\u00f3stol de los escondidos\u00a8.<\/em><\/p>\n\n\n\n<h3 class=\"wp-block-heading\"><strong>La Jornada del 20 de Abril de 1851.<\/strong><\/h3>\n\n\n\n<p>Ese Lunes, muy temprano, empieza en Santiago el levantamiento militar que Ugarte y sus co-revolucionarios hab\u00edan confiado a un jefe militar de su confianza. Ugarte debi\u00f3 quedarse en la Plaza para, por su cuenta y armado solo de su bast\u00f3n y su pistola, evitar la fuga de un centenar de presos de la c\u00e1rcel. <\/p>\n\n\n\n<p>A media ma\u00f1ana, las indecisiones y falta de liderazgo del militar designado, obligaron a Ugarte a relevarlo del mando en la misma calle, frente a su tropa. Pero ya era tarde. El valiente y arriesgado Presidente, el General de Ej\u00e9rcito, Manuel &nbsp;Bulnes, dirigi\u00f3 en la calle a las fuerzas gobiernistas y sell\u00f3 la derrota del levantamiento. La jornada cost\u00f3 27 muertos y 87 heridos a las tropas del gobierno y fu\u00e9 la antesala de la Revoluci\u00f3n de fines de 1851.<\/p>\n\n\n\n<h3 class=\"wp-block-heading\"><strong>Exilio al Per\u00fa.<\/strong><\/h3>\n\n\n\n<p>PUR y Jos\u00e9 Miguel Carrera escaparon de noche en un birlocho hacia Maule, posando como compradores de ganado pero fueron apresados en San Fernando y, junto con Vicu\u00f1a, encarcelados en el Cuartel de Granaderos. Francisco Bilbao sali\u00f3 al Per\u00fa disfrazado de cl\u00e9rigo para nunca volver a su patria.<\/p>\n\n\n\n<p>PUR fu\u00e9 exilado por el gobierno a Inglaterra. Durante la traves\u00eda, Ugarte oblig\u00f3 al capit\u00e1n del barco a dejarlo en Callao, Per\u00fa. Cumpli\u00f3 su exilio en Lima y durante  a\u00f1os PUR mantuvo un activo intercambio de cartas con sus compa\u00f1eros, como puede verse en el <strong><a href=\"https:\/\/www.dropbox.com\/s\/dtzwhv17em5x0gg\/Apuntes%20y%20documentos%20sobre%20la%20revolucion%20de%201851%2Cpor%20Domingo%20Santa%20Maria%2CMC0067834.pdf?dl=0\">ensayo<\/a><\/strong> de Domingo Santa Mar\u00eda sobre la Revoluci\u00f3n de 1851.<\/p>\n\n\n\n<h3 class=\"wp-block-heading\"><strong>Su regreso a Chile.<\/strong><\/h3>\n\n\n\n<p>No conocemos la fecha del regreso de PUR a Chile ni sus actividades. Fu\u00e9 elegido diputado por Talca en 1867 pero falleci\u00f3 unos pocos meses antes de posesionarse del cargo, a los cincuenta a\u00f1os de edad. <\/p>\n\n\n\n<p>La anotaci\u00f3n anecd\u00f3tica familiar bajo de su foto indica: \u00a8Muri\u00f3 envenenado por orden del presidente <strong><a href=\"https:\/\/www.memoriachilena.gob.cl\/602\/w3-article-3591.html\">Manuel Montt<\/a><\/strong> en 1851\u00a8 Esta fecha de su muerte es inexacta. Sin tener mayores pruebas al respecto, es interesante destacar que en 1851 el Juez Ugarte sufr\u00eda de fuertes c\u00f3licos de est\u00f3mago y que ese 20 de Abril <em>\u00a8Aquejado Ugarte por su cruel dolencia, se hab\u00eda instalado en la botica Vazquez donde una en pos de otras apuraba como sedativos de su mal i de su bilis en ebullici\u00f3n, pociones de goma liquida.\u00a8<\/em><\/p>\n\n\n\n<p>Agradeceremos datos sobre su exilio en Lima, su regreso a Chile y sobre su hijo, <strong><a href=\"https:\/\/molinos.net\/familytree\/tree\/moluga\/individual\/I249\/Pedro-Ugarte-Otero\">Pedro Ugarte Otero<\/a><\/strong> y la esposa de este,  <strong><a href=\"https:\/\/molinos.net\/familytree\/tree\/moluga\/individual\/I250\/Gertrudis-Castro-de-la-Veracruz\">Gertrudis Castro<\/a><\/strong>. \u00a0 <\/p>\n\n\n\n<p>VMU, Marzo 31, 2023.<\/p>\n","protected":false},"excerpt":{"rendered":"<p>Curiosidad + Casualidad = Esta historia. Cuando ni\u00f1os admir\u00e1bamos con una mezcla de respeto y curiosidad los seis foto-retratos colgados en la galer\u00eda del Fundo La Paz, en las alturas de Angol, Chile. Reconoc\u00edamos al primero, el famoso \u00a8Contador Ugarte\u00a8 y los dos \u00faltimos, del \u00a8Tata Arturo\u201d, mi abuelo materno, y el de su hijo, [&hellip;]<\/p>\n","protected":false},"author":4,"featured_media":0,"parent":375,"menu_order":2,"comment_status":"closed","ping_status":"closed","template":"templates\/template-full-width.php","meta":{"footnotes":""},"class_list":["post-1064","page","type-page","status-publish","hentry"],"_links":{"self":[{"href":"https:\/\/molinos.net\/index.php?rest_route=\/wp\/v2\/pages\/1064","targetHints":{"allow":["GET"]}}],"collection":[{"href":"https:\/\/molinos.net\/index.php?rest_route=\/wp\/v2\/pages"}],"about":[{"href":"https:\/\/molinos.net\/index.php?rest_route=\/wp\/v2\/types\/page"}],"author":[{"embeddable":true,"href":"https:\/\/molinos.net\/index.php?rest_route=\/wp\/v2\/users\/4"}],"replies":[{"embeddable":true,"href":"https:\/\/molinos.net\/index.php?rest_route=%2Fwp%2Fv2%2Fcomments&post=1064"}],"version-history":[{"count":14,"href":"https:\/\/molinos.net\/index.php?rest_route=\/wp\/v2\/pages\/1064\/revisions"}],"predecessor-version":[{"id":1123,"href":"https:\/\/molinos.net\/index.php?rest_route=\/wp\/v2\/pages\/1064\/revisions\/1123"}],"up":[{"embeddable":true,"href":"https:\/\/molinos.net\/index.php?rest_route=\/wp\/v2\/pages\/375"}],"wp:attachment":[{"href":"https:\/\/molinos.net\/index.php?rest_route=%2Fwp%2Fv2%2Fmedia&parent=1064"}],"curies":[{"name":"wp","href":"https:\/\/api.w.org\/{rel}","templated":true}]}}