{"id":102,"date":"2022-06-14T13:26:37","date_gmt":"2022-06-14T20:26:37","guid":{"rendered":"https:\/\/molinos.net\/?page_id=102"},"modified":"2026-03-02T02:17:02","modified_gmt":"2026-03-02T10:17:02","slug":"__trashed-5","status":"publish","type":"page","link":"https:\/\/molinos.net\/?page_id=102","title":{"rendered":"Genealog\u00eda de nuestros  \u201cMOLINOS\u201d"},"content":{"rendered":"\n<p class=\"has-primary-color has-text-color has-background\" style=\"background-color:#b8ef6c\"> Resumen Familia Molinos<\/p>\n\n\n\n<p class=\"has-primary-color has-text-color has-background\" style=\"background-color:#b8ef6c\">El familiar m\u00e1s antiguo de apellido Molinos registrado en nuestra base de datos hasta 2022 es <strong><a href=\"https:\/\/ellosynos.com\/familytree\/tree\/moluga\/individual\/I144\/Vicente-Molinos-Moliner\" target=\"_blank\" rel=\"noreferrer noopener\">Vicente Molinos Moliner<\/a><\/strong> casado con <strong><a href=\"https:\/\/ellosynos.com\/familytree\/tree\/moluga\/individual\/I139\/Maria-Escruela-Traver\" target=\"_blank\" rel=\"noreferrer noopener\">Mar\u00eda Escruela Traver<\/a>. E<\/strong>n 1788 Mar\u00eda y su hermano Lorenzo heredaron conjuntamente la <strong>Mas\u00eda de los Frailes<\/strong> <strong>incluyendo las ruinas romanas<\/strong><sup>1<\/sup> en Forcall, una delas aldeas de Morella, Castell\u00f3n, Espa\u00f1a fundada en el siglo XIII y donde personas con apellidos Molinos, Giner y Gil fueron censadas en 1554.<\/p>\n\n\n\n<p class=\"has-primary-color has-text-color has-background\" style=\"background-color:#b8ef6c\">Desde 1820 <strong><a href=\"https:\/\/ellosynos.com\/familytree\/tree\/moluga\/individual\/I141\/Liborio-Molinos-Escorihuela\" target=\"_blank\" rel=\"noreferrer noopener\">Liborio Molinos Escorihuela<\/a><\/strong> con <strong><a href=\"https:\/\/ellosynos.com\/familytree\/tree\/moluga\/individual\/I142\/Felipa-Prats-Borras\" target=\"_blank\" rel=\"noreferrer noopener\">Felipa Prats Borr\u00e1s<\/a>,<\/strong> procedente del Mas de Farinetes de Morella, generan los hermanos Vicente, Pascuala y Manuela Molinos Prats.<\/p>\n\n\n\n<div class=\"wp-block-columns is-layout-flex wp-container-core-columns-is-layout-9d6595d7 wp-block-columns-is-layout-flex\">\n<div class=\"wp-block-column is-layout-flow wp-block-column-is-layout-flow\" style=\"flex-basis:50%\">\n<figure class=\"wp-block-image size-large is-resized\"><img loading=\"lazy\" decoding=\"async\" width=\"768\" height=\"1024\" src=\"https:\/\/molinos.net\/wordpress\/wp-content\/uploads\/2022\/06\/VicenteMolinosPratsca1876-768x1024.jpg\" alt=\"\" class=\"wp-image-204\" style=\"width:384px;height:512px\" srcset=\"https:\/\/molinos.net\/wordpress\/wp-content\/uploads\/2022\/06\/VicenteMolinosPratsca1876-768x1024.jpg 768w, https:\/\/molinos.net\/wordpress\/wp-content\/uploads\/2022\/06\/VicenteMolinosPratsca1876-225x300.jpg 225w, https:\/\/molinos.net\/wordpress\/wp-content\/uploads\/2022\/06\/VicenteMolinosPratsca1876-1152x1536.jpg 1152w, https:\/\/molinos.net\/wordpress\/wp-content\/uploads\/2022\/06\/VicenteMolinosPratsca1876-1200x1600.jpg 1200w, https:\/\/molinos.net\/wordpress\/wp-content\/uploads\/2022\/06\/VicenteMolinosPratsca1876.jpg 1536w\" sizes=\"auto, (max-width: 768px) 100vw, 768px\" \/><figcaption class=\"wp-element-caption\"><strong><em>D. Vicente Molinos Prats, del Mas dels Frares (Mas de los Frailes) Forcall. Fu\u00e9 el que puso de manifiesto la existencia de los restos arqueol\u00f3gicos de la Moleta que era una heredad familiar.  Hacia 1876.<\/em><\/strong><\/figcaption><\/figure>\n<\/div>\n\n\n\n<div class=\"wp-block-column is-layout-flow wp-block-column-is-layout-flow\" style=\"flex-basis:50%\">\n<figure class=\"wp-block-image size-full is-resized\"><img loading=\"lazy\" decoding=\"async\" width=\"660\" height=\"370\" src=\"https:\/\/molinos.net\/wordpress\/wp-content\/uploads\/2022\/07\/Pascuala-Molinos-Prats-con-la-familia.jpg\" alt=\"\" class=\"wp-image-473\" style=\"width:495px;height:278px\" srcset=\"https:\/\/molinos.net\/wordpress\/wp-content\/uploads\/2022\/07\/Pascuala-Molinos-Prats-con-la-familia.jpg 660w, https:\/\/molinos.net\/wordpress\/wp-content\/uploads\/2022\/07\/Pascuala-Molinos-Prats-con-la-familia-300x168.jpg 300w\" sizes=\"auto, (max-width: 660px) 100vw, 660px\" \/><figcaption class=\"wp-element-caption\"><strong><em>Pascuala Molinos Prats con la familia en el Mas de Blasco.<\/em><\/strong><\/figcaption><\/figure>\n<\/div>\n<\/div>\n\n\n\n<p class=\"has-background\" style=\"background-color:#b8ef6c\">En 1836, <strong><a href=\"https:\/\/ellosynos.com\/familytree\/tree\/moluga\/individual\/I138\/Vicente-Molinos-Prats\" target=\"_blank\" rel=\"noreferrer noopener\">Vicente Molinos Prats<\/a>, <\/strong>heredero del Mas de Liborio (ex Frailes), casa con <strong><a href=\"https:\/\/ellosynos.com\/familytree\/tree\/moluga\/individual\/I140\/Miguela-Giner-Asensio\" target=\"_blank\" rel=\"noreferrer noopener\">Miguela Giner<\/a><\/strong> de la <strong>Masia El Huergo<\/strong> a orillas del Embalse de <strong>Santolea<\/strong>. Su hermana, <strong><a href=\"https:\/\/ellosynos.com\/familytree\/tree\/moluga\/individual\/I152\/Pascuala-Molinos-Prats\" target=\"_blank\" rel=\"noreferrer noopener\">Pascuala Molinos Prats<\/a>,<\/strong> casa con <strong><a href=\"https:\/\/ellosynos.com\/familytree\/tree\/moluga\/individual\/I153\/Manuel-Blasco-Ejarque\" target=\"_blank\" rel=\"noreferrer noopener\">Manuel Blasco Ejarque<\/a><\/strong> del Mas de Blasco. <strong><a href=\"https:\/\/ellosynos.com\/familytree\/tree\/moluga\/individual\/I554\/Manuela-Molinos-Prats\" target=\"_blank\" rel=\"noreferrer noopener\">Manuela Molinos Prats<\/a><\/strong> genera la rama que eventualmente deriva en <strong><a href=\"https:\/\/ellosynos.com\/familytree\/tree\/moluga\/individual\/I188\/Ismael-Carbo-Balaguer\" target=\"_blank\" rel=\"noreferrer noopener\">Ismael Carb\u00f3 Balaguer<\/a><\/strong>.<\/p>\n\n\n\n<div class=\"wp-block-columns is-layout-flex wp-container-core-columns-is-layout-9d6595d7 wp-block-columns-is-layout-flex\">\n<div class=\"wp-block-column is-layout-flow wp-block-column-is-layout-flow\" style=\"flex-basis:50%\">\n<figure class=\"wp-block-image size-full is-resized is-style-rounded\"><img loading=\"lazy\" decoding=\"async\" width=\"612\" height=\"417\" src=\"https:\/\/molinos.net\/wordpress\/wp-content\/uploads\/2022\/07\/Liborio-Molinos-e-Inocencia-Giner-con-los-hijos.jpg\" alt=\"\" class=\"wp-image-467\" style=\"width:308px;height:210px\" srcset=\"https:\/\/molinos.net\/wordpress\/wp-content\/uploads\/2022\/07\/Liborio-Molinos-e-Inocencia-Giner-con-los-hijos.jpg 612w, https:\/\/molinos.net\/wordpress\/wp-content\/uploads\/2022\/07\/Liborio-Molinos-e-Inocencia-Giner-con-los-hijos-300x204.jpg 300w\" sizes=\"auto, (max-width: 612px) 100vw, 612px\" \/><figcaption class=\"wp-element-caption\">Liborio Molinos Giner e Inocencia Ferrer Pe\u00f1arroya y familia<\/figcaption><\/figure>\n<\/div>\n\n\n\n<div class=\"wp-block-column is-layout-flow wp-block-column-is-layout-flow\" style=\"flex-basis:50%\">\n<figure class=\"wp-block-image size-full is-resized\"><img loading=\"lazy\" decoding=\"async\" width=\"638\" height=\"428\" src=\"https:\/\/molinos.net\/wordpress\/wp-content\/uploads\/2022\/07\/Antonio-Molinos-Giner-y-Amalia-Gaete-Castro-con-sus-hijos-e-hija.jpg\" alt=\"\" class=\"wp-image-468\" style=\"width:333px;height:223px\" srcset=\"https:\/\/molinos.net\/wordpress\/wp-content\/uploads\/2022\/07\/Antonio-Molinos-Giner-y-Amalia-Gaete-Castro-con-sus-hijos-e-hija.jpg 638w, https:\/\/molinos.net\/wordpress\/wp-content\/uploads\/2022\/07\/Antonio-Molinos-Giner-y-Amalia-Gaete-Castro-con-sus-hijos-e-hija-300x201.jpg 300w\" sizes=\"auto, (max-width: 638px) 100vw, 638px\" \/><figcaption class=\"wp-element-caption\">Antonio Molinos Giner y Amalia Gaete Castro con sus hijos e hija<\/figcaption><\/figure>\n<\/div>\n<\/div>\n\n\n\n<p class=\"has-background\" style=\"background-color:#b8ef6c\"><strong><a href=\"https:\/\/ellosynos.com\/familytree\/tree\/moluga\/individual\/I154\/Liborio-Molinos-Giner\" target=\"_blank\" rel=\"noreferrer noopener\">Liborio Molinos Giner<\/a><\/strong> hereda el Mas de Liborio. Sus hijas Miguela y Joaquina Molinos Ferrer originan las ramas <strong>Mampel-Molinos<\/strong>, <strong>Martin-Molinos<\/strong>, <strong>Gil-Molinos<\/strong>. De su hijo <strong><a href=\"https:\/\/ellosynos.com\/familytree\/tree\/moluga\/individual\/I158\/Liborio-Molinos-Ferrer\" target=\"_blank\" rel=\"noreferrer noopener\">Liborio Molinos Ferrer<\/a><\/strong> derivan las ramas <strong>Ob\u00f3n-Polo<\/strong> y <strong>Ob\u00f3n-Molinos<\/strong>. De esta \u00faltima proceden dos sacerdotes. Uno de ellos, Javier Ob\u00f3n Molinos, realiz\u00f3 una <strong>destacada labor en Ayacucho &#8211; Per\u00fa<\/strong>.<\/p>\n\n\n\n<p class=\"has-background\" style=\"background-color:#b8ef6c\">En 1883 <strong><a href=\"https:\/\/ellosynos.com\/familytree\/tree\/moluga\/individual\/I3\/Antonio-Molinos-Giner\" target=\"_blank\" rel=\"noreferrer noopener\">Antonio Molinos Giner<\/a><\/strong> emigra a Chile donde genera tres ramas con hijos varones, <strong>Molinos-Oyanedel<\/strong>, <strong>Molinos-Beltr\u00e1n<\/strong> y <strong>Molinos-Ugarte<\/strong>. Esta \u00faltima rama genera en Estados Unidos de Norteam\u00e9rica, a fines del siglo XX, dos familias con hijos y nietos varones: <strong>Molinos-Hamm<\/strong> y <strong>Molinos-Lois<\/strong>. Estas \u00faltimas ramas <strong><a href=\"https:\/\/molinos.net\/__trashed-5\/chileno-errante-encuentra-su-familia-espanola\/\">reestablecen el contacto<\/a><\/strong> perdido con la familia de Espa\u00f1a.<\/p>\n\n\n\n<p class=\"has-primary-color has-text-color has-background\" style=\"background-color:#b8ef6c\"><sup>1<\/sup> \u201cForcall. Trabajos hist\u00f3ricos 1966-1993\u201d. Jos\u00e9 Eixarch Fresno. Editor: Ayuntamiento del Forcall.<\/p>\n\n\n\n<p>Borrador, Julio 13, 2022<\/p>\n\n\n\n<p class=\"has-text-color has-background has-larger-font-size\" style=\"color:#181212;background-color:#c8d269\"><a href=\"https:\/\/molinos.net\/familytree\/tree\/moluga\/individual\/I144\/Vicente-Molinos-Molinero\"><strong><em>Genealog\u00eda en Webtrees<\/em><\/strong><\/a><\/p>\n","protected":false},"excerpt":{"rendered":"<p>Resumen Familia Molinos El familiar m\u00e1s antiguo de apellido Molinos registrado en nuestra base de datos hasta 2022 es Vicente Molinos Moliner casado con Mar\u00eda Escruela Traver. En 1788 Mar\u00eda y su hermano Lorenzo heredaron conjuntamente la Mas\u00eda de los Frailes incluyendo las ruinas romanas1 en Forcall, una delas aldeas de Morella, Castell\u00f3n, Espa\u00f1a fundada [&hellip;]<\/p>\n","protected":false},"author":3,"featured_media":0,"parent":0,"menu_order":0,"comment_status":"closed","ping_status":"closed","template":"templates\/template-full-width.php","meta":{"footnotes":""},"class_list":["post-102","page","type-page","status-publish","hentry"],"_links":{"self":[{"href":"https:\/\/molinos.net\/index.php?rest_route=\/wp\/v2\/pages\/102","targetHints":{"allow":["GET"]}}],"collection":[{"href":"https:\/\/molinos.net\/index.php?rest_route=\/wp\/v2\/pages"}],"about":[{"href":"https:\/\/molinos.net\/index.php?rest_route=\/wp\/v2\/types\/page"}],"author":[{"embeddable":true,"href":"https:\/\/molinos.net\/index.php?rest_route=\/wp\/v2\/users\/3"}],"replies":[{"embeddable":true,"href":"https:\/\/molinos.net\/index.php?rest_route=%2Fwp%2Fv2%2Fcomments&post=102"}],"version-history":[{"count":34,"href":"https:\/\/molinos.net\/index.php?rest_route=\/wp\/v2\/pages\/102\/revisions"}],"predecessor-version":[{"id":1477,"href":"https:\/\/molinos.net\/index.php?rest_route=\/wp\/v2\/pages\/102\/revisions\/1477"}],"wp:attachment":[{"href":"https:\/\/molinos.net\/index.php?rest_route=%2Fwp%2Fv2%2Fmedia&parent=102"}],"curies":[{"name":"wp","href":"https:\/\/api.w.org\/{rel}","templated":true}]}}